{"id":514,"date":"2020-06-23T07:00:08","date_gmt":"2020-06-23T05:00:08","guid":{"rendered":"https:\/\/goodsweek.com\/?post_type=product&#038;p=514"},"modified":"2020-12-02T01:06:59","modified_gmt":"2020-12-02T00:06:59","slug":"aspirateur-balais-cyclonique-rowenta-rh7324wo-04-l-78-db-219v-noir-dore","status":"publish","type":"product","link":"https:\/\/goodsweek.com\/index.php\/produit\/aspirateur-balais-cyclonique-rowenta-rh7324wo-04-l-78-db-219v-noir-dore\/","title":{"rendered":"Aspirateur Balais Cyclonique Rowenta RH7324WO 0,4 L 78 dB 21,9V Noir Dor\u00e9"},"content":{"rendered":"<ul>\n<li>Couleur:\n<ul>\n<li>Noir<\/li>\n<li>Dor\u00e9<\/li>\n<\/ul>\n<\/li>\n<li>Type: Sans fil<\/li>\n<li>Mat\u00e9riels:\n<ul>\n<li>Plastique<\/li>\n<li>Acier<\/li>\n<\/ul>\n<\/li>\n<li>Capacit\u00e9: 0,4 L<\/li>\n<li>Batterie au lithium rechargeable: 21,9 V<\/li>\n<li>Autonomie approx.: 25&#8242;<\/li>\n<li>Temps de charge approx.: 3 heures<\/li>\n<li>Bloc d\u2019Alimentation: r\u00e9seau \u00e9lectrique<\/li>\n<li>Volume sonore: 78 dB<\/li>\n<li>Voyant lumineux: LED<\/li>\n<li>Inclut:\n<ul>\n<li>Base de Charge<\/li>\n<li>Accessoires<\/li>\n<\/ul>\n<\/li>\n<li>Dimensions approx.: 114 x 26 x 25 cm<\/li>\n<\/ul>\n","protected":false},"excerpt":{"rendered":"<p>Couleur: Noir Dor\u00e9 Type: Sans fil Mat\u00e9riels: Plastique Acier Capacit\u00e9: 0,4 L Batterie au lithium rechargeable: 21,9 V Autonomie approx.: 25&#8242; Temps de charge approx.: 3 heures Bloc d\u2019Alimentation: r\u00e9seau \u00e9lectrique Volume sonore: 78 dB Voyant lumineux: LED Inclut: Base de Charge Accessoires Dimensions approx.: 114 x 26 x 25 cm<\/p>\n","protected":false},"featured_media":515,"template":"","meta":{"spay_email":""},"product_cat":[89],"product_tag":[70,110],"_links":{"self":[{"href":"https:\/\/goodsweek.com\/index.php\/wp-json\/wp\/v2\/product\/514"}],"collection":[{"href":"https:\/\/goodsweek.com\/index.php\/wp-json\/wp\/v2\/product"}],"about":[{"href":"https:\/\/goodsweek.com\/index.php\/wp-json\/wp\/v2\/types\/product"}],"wp:featuredmedia":[{"embeddable":true,"href":"https:\/\/goodsweek.com\/index.php\/wp-json\/wp\/v2\/media\/515"}],"wp:attachment":[{"href":"https:\/\/goodsweek.com\/index.php\/wp-json\/wp\/v2\/media?parent=514"}],"wp:term":[{"taxonomy":"product_cat","embeddable":true,"href":"https:\/\/goodsweek.com\/index.php\/wp-json\/wp\/v2\/product_cat?post=514"},{"taxonomy":"product_tag","embeddable":true,"href":"https:\/\/goodsweek.com\/index.php\/wp-json\/wp\/v2\/product_tag?post=514"}],"curies":[{"name":"wp","href":"https:\/\/api.w.org\/{rel}","templated":true}]}}