{"id":495,"date":"2020-06-20T15:26:13","date_gmt":"2020-06-20T13:26:13","guid":{"rendered":"https:\/\/goodsweek.com\/?post_type=product&#038;p=495"},"modified":"2020-11-29T09:48:31","modified_gmt":"2020-11-29T08:48:31","slug":"air-conditionne-fujitsu-asy25uikp-split-inverter-a-a-2150-fg-h-blanc","status":"publish","type":"product","link":"https:\/\/goodsweek.com\/index.php\/produit\/air-conditionne-fujitsu-asy25uikp-split-inverter-a-a-2150-fg-h-blanc\/","title":{"rendered":"Air Conditionn\u00e9 Fujitsu ASY25UIKP Split Inverter A++\/A+ 2150 fg\/h Blanc"},"content":{"rendered":"<ul>\n<li>Couleur: Blanc<\/li>\n<li>Type: Froid + Chaud<\/li>\n<li>Technologie: Inverter<\/li>\n<li>puissance:\n<ul>\n<li>2407 kcal\/h<\/li>\n<li>2150 fg\/h<\/li>\n<\/ul>\n<\/li>\n<li>Volume sonore: 45 dB<\/li>\n<li>Compatible: Smartphone<\/li>\n<li>Gaz: R-32<\/li>\n<li>Bloc d\u2019Alimentation: r\u00e9seau \u00e9lectrique<\/li>\n<li>consommation d&#8217;\u00e9nergie: 0,63 kW &#8211; 0,66 kW<\/li>\n<li>Classification \u00e9nerg\u00e9tique: A++\/A+<\/li>\n<li>Inclut:\n<ul>\n<li>T\u00e9l\u00e9commande<\/li>\n<li>Manuel d\u2019utilisation<\/li>\n<\/ul>\n<\/li>\n<li>Dimensions approx.:\n<ul>\n<li>Split: 78,4 x 27 x 22,4 cm<\/li>\n<li>Unit\u00e9 Externe pour Air Conditionn\u00e9: 66,3 x 54,1 x 29 cm<\/li>\n<\/ul>\n<\/li>\n<\/ul>\n","protected":false},"excerpt":{"rendered":"<p>Couleur: Blanc Type: Froid + Chaud Technologie: Inverter puissance: 2407 kcal\/h 2150 fg\/h Volume sonore: 45 dB Compatible: Smartphone Gaz: R-32 Bloc d\u2019Alimentation: r\u00e9seau \u00e9lectrique consommation d&#8217;\u00e9nergie: 0,63 kW &#8211; 0,66 kW Classification \u00e9nerg\u00e9tique: A++\/A+ Inclut: T\u00e9l\u00e9commande Manuel d\u2019utilisation Dimensions approx.: Split: 78,4 x 27 x 22,4 cm Unit\u00e9 Externe pour Air Conditionn\u00e9: 66,3 x [&hellip;]<\/p>\n","protected":false},"featured_media":496,"template":"","meta":{"spay_email":""},"product_cat":[86],"product_tag":[60],"_links":{"self":[{"href":"https:\/\/goodsweek.com\/index.php\/wp-json\/wp\/v2\/product\/495"}],"collection":[{"href":"https:\/\/goodsweek.com\/index.php\/wp-json\/wp\/v2\/product"}],"about":[{"href":"https:\/\/goodsweek.com\/index.php\/wp-json\/wp\/v2\/types\/product"}],"wp:featuredmedia":[{"embeddable":true,"href":"https:\/\/goodsweek.com\/index.php\/wp-json\/wp\/v2\/media\/496"}],"wp:attachment":[{"href":"https:\/\/goodsweek.com\/index.php\/wp-json\/wp\/v2\/media?parent=495"}],"wp:term":[{"taxonomy":"product_cat","embeddable":true,"href":"https:\/\/goodsweek.com\/index.php\/wp-json\/wp\/v2\/product_cat?post=495"},{"taxonomy":"product_tag","embeddable":true,"href":"https:\/\/goodsweek.com\/index.php\/wp-json\/wp\/v2\/product_tag?post=495"}],"curies":[{"name":"wp","href":"https:\/\/api.w.org\/{rel}","templated":true}]}}