{"id":358,"date":"2020-06-05T01:50:40","date_gmt":"2020-06-04T23:50:40","guid":{"rendered":"https:\/\/goodsweek.com\/?post_type=product&#038;p=358"},"modified":"2020-12-02T01:15:58","modified_gmt":"2020-12-02T00:15:58","slug":"casque-stereo-sans-fils-pioneer-bluetooth-15h-dautonomie-noir","status":"publish","type":"product","link":"https:\/\/goodsweek.com\/index.php\/produit\/casque-stereo-sans-fils-pioneer-bluetooth-15h-dautonomie-noir\/","title":{"rendered":"Casque st\u00e9r\u00e9o sans fils &#8211; PIONEER &#8211; Bluetooth &#8211; 15h d&#8217;autonomie &#8211; Noir"},"content":{"rendered":"<table class=\"fpDescTb fpDescTbPub\">\n<tbody>\n<tr>\n<th colspan=\"2\">G\u00e9n\u00e9ral<\/th>\n<\/tr>\n<tr>\n<td>Type de Produit<\/td>\n<td>Micro-casque &#8211; Bluetooth &#8211; sans fil<\/td>\n<\/tr>\n<tr>\n<td>Couleur<\/td>\n<td>Noir<\/td>\n<\/tr>\n<tr>\n<td>Poids<\/td>\n<td>170 g<\/td>\n<\/tr>\n<tr>\n<td>Distance de fonctionnement max.<\/td>\n<td>10 m<\/td>\n<\/tr>\n<tr>\n<th colspan=\"2\">Casque<\/th>\n<\/tr>\n<tr>\n<td>Facteur de forme du casque<\/td>\n<td>Sur-oreille<\/td>\n<\/tr>\n<tr>\n<td>Technologie de connectivit\u00e9<\/td>\n<td>Sans fil<\/td>\n<\/tr>\n<tr>\n<td>Mode de sortie audio<\/td>\n<td>St\u00e9reo<\/td>\n<\/tr>\n<tr>\n<td>Diaphragme<\/td>\n<td>40 mm<\/td>\n<\/tr>\n<tr>\n<td>Profils Bluetooth<\/td>\n<td>Profil mains libres (HFP), Profil de casque (HSP), Profil de distribution audio avanc\u00e9e (A2DP), Profil de contr\u00f4le \u00e0 distance audio\/vid\u00e9o<\/td>\n<\/tr>\n<tr>\n<td>Technologie sans fil<\/td>\n<td>Bluetooth<\/td>\n<\/tr>\n<tr>\n<td>R\u00e9ponse en fr\u00e9quence<\/td>\n<td>10 &#8211; 22000 Hz<\/td>\n<\/tr>\n<tr>\n<th colspan=\"2\">Liaison sans fil<\/th>\n<\/tr>\n<tr>\n<td>Port\u00e9e de transmission<\/td>\n<td>10 m<\/td>\n<\/tr>\n<tr>\n<th colspan=\"2\">Alimentation<\/th>\n<\/tr>\n<tr>\n<td>Batterie<\/td>\n<td>Batterie de casque micro rechargeable<\/td>\n<\/tr>\n<tr>\n<td>Temps de recharge<\/td>\n<td>4 heures<\/td>\n<\/tr>\n<tr>\n<td>Autonomie (max.)<\/td>\n<td>15 heure(s)<\/td>\n<\/tr>\n<tr>\n<th colspan=\"2\">Divers<\/th>\n<\/tr>\n<tr>\n<td>Caract\u00e9ristiques du c\u00e2ble<\/td>\n<td>C\u00e2ble micro-USB<\/td>\n<\/tr>\n<\/tbody>\n<\/table>\n","protected":false},"excerpt":{"rendered":"<p>G\u00e9n\u00e9ral Type de Produit Micro-casque &#8211; Bluetooth &#8211; sans fil Couleur Noir Poids 170 g Distance de fonctionnement max. 10 m Casque Facteur de forme du casque Sur-oreille Technologie de connectivit\u00e9 Sans fil Mode de sortie audio St\u00e9reo Diaphragme 40 mm Profils Bluetooth Profil mains libres (HFP), Profil de casque (HSP), Profil de distribution audio [&hellip;]<\/p>\n","protected":false},"featured_media":359,"template":"","meta":{"spay_email":""},"product_cat":[92],"product_tag":[27,77],"_links":{"self":[{"href":"https:\/\/goodsweek.com\/index.php\/wp-json\/wp\/v2\/product\/358"}],"collection":[{"href":"https:\/\/goodsweek.com\/index.php\/wp-json\/wp\/v2\/product"}],"about":[{"href":"https:\/\/goodsweek.com\/index.php\/wp-json\/wp\/v2\/types\/product"}],"wp:featuredmedia":[{"embeddable":true,"href":"https:\/\/goodsweek.com\/index.php\/wp-json\/wp\/v2\/media\/359"}],"wp:attachment":[{"href":"https:\/\/goodsweek.com\/index.php\/wp-json\/wp\/v2\/media?parent=358"}],"wp:term":[{"taxonomy":"product_cat","embeddable":true,"href":"https:\/\/goodsweek.com\/index.php\/wp-json\/wp\/v2\/product_cat?post=358"},{"taxonomy":"product_tag","embeddable":true,"href":"https:\/\/goodsweek.com\/index.php\/wp-json\/wp\/v2\/product_tag?post=358"}],"curies":[{"name":"wp","href":"https:\/\/api.w.org\/{rel}","templated":true}]}}