{"id":345,"date":"2020-06-04T23:58:38","date_gmt":"2020-06-04T21:58:38","guid":{"rendered":"https:\/\/goodsweek.com\/?post_type=product&#038;p=345"},"modified":"2020-12-02T01:16:40","modified_gmt":"2020-12-02T00:16:40","slug":"lave-linge-frontal-oceanic-6-kg-1000trs-min-a-blanc","status":"publish","type":"product","link":"https:\/\/goodsweek.com\/index.php\/produit\/lave-linge-frontal-oceanic-6-kg-1000trs-min-a-blanc\/","title":{"rendered":"Lave-linge frontal &#8211; OCEANIC &#8211; 6 kg &#8211; 1000trs\/min &#8211; A++ &#8211; Blanc"},"content":{"rendered":"<table class=\"fpDescTb fpDescTbPub\">\n<tbody>\n<tr>\n<th colspan=\"2\">G\u00e9n\u00e9ral<\/th>\n<\/tr>\n<tr>\n<td>Type de Produit<\/td>\n<td>Machine \u00e0 laver &#8211; chargement frontal<\/td>\n<\/tr>\n<tr>\n<td>Couleur<\/td>\n<td>Blanc<\/td>\n<\/tr>\n<tr>\n<td>Consommation d&#8217;\u00e9nergie annuelle<\/td>\n<td>171 kWh<\/td>\n<\/tr>\n<tr>\n<td>Vitesse d\u2019essorage<\/td>\n<td>Variable &#8211; 1000 tours\/min (maximum)<\/td>\n<\/tr>\n<tr>\n<td>Mat\u00e9riau du tambour<\/td>\n<td>Acier inoxydable<\/td>\n<\/tr>\n<tr>\n<td>Nombre de programmes<\/td>\n<td>15<\/td>\n<\/tr>\n<tr>\n<td>Niveau sonore maximum<\/td>\n<td>77 dB<\/td>\n<\/tr>\n<tr>\n<td>Niveau sonore (lavage)<\/td>\n<td>58 dB<\/td>\n<\/tr>\n<tr>\n<td>Capacit\u00e9 de lavage du tambour<\/td>\n<td>44 litres<\/td>\n<\/tr>\n<tr>\n<td>Facteur de forme<\/td>\n<td>Ind\u00e9pendant<\/td>\n<\/tr>\n<tr>\n<td>Niveau sonore (essorage)<\/td>\n<td>77 dB<\/td>\n<\/tr>\n<tr>\n<td>D\u00e9tection d&#8217;absence de la balance<\/td>\n<td>Oui<\/td>\n<\/tr>\n<tr>\n<td>Couleur Ext\u00e9rieure<\/td>\n<td>Blanc<\/td>\n<\/tr>\n<tr>\n<td>Capacit\u00e9 de charge<\/td>\n<td>6 kg<\/td>\n<\/tr>\n<tr>\n<th colspan=\"2\">Machine \u00e0 laver<\/th>\n<\/tr>\n<tr>\n<td>Options et programmes sp\u00e9ciaux<\/td>\n<td>Textiles sport, rapide 15, laine 30\u00b0, lavage \u00e0 la main 30\u00b0, rin\u00e7age, synth\u00e9tique 40 \u00b0C, coton 40\u00b0C, coton 60\u00b0C, coton 90\u00b0C, coton \u00e9co 60 \u00b0C, eco 20\u00b0C, essorage, mixte 30\u00b0, rapide quotidien 60&#8242; 60\u00b0 C, chemises \u00e0 60\u00b0 C<\/td>\n<\/tr>\n<tr>\n<th colspan=\"2\">R\u00e9glages, commandes et voyants<\/th>\n<\/tr>\n<tr>\n<td>Fonctions du minuteur<\/td>\n<td>D\u00e9part diff\u00e9r\u00e9, programmeur \u00e9lectronique<\/td>\n<\/tr>\n<tr>\n<td>D\u00e9part diff\u00e9r\u00e9<\/td>\n<td>12 heures<\/td>\n<\/tr>\n<tr>\n<td>Type de commande<\/td>\n<td>Electronique<\/td>\n<\/tr>\n<tr>\n<th colspan=\"2\">Divers<\/th>\n<\/tr>\n<tr>\n<td>Fonctions de s\u00e9curit\u00e9<\/td>\n<td>Syst\u00e8me de protection antid\u00e9bordement, verrou de porte, contr\u00f4le anti-mousse<\/td>\n<\/tr>\n<tr>\n<td>Roulettes \/ pieds<\/td>\n<td>Pieds r\u00e9glables<\/td>\n<\/tr>\n<tr>\n<th colspan=\"2\">Dimensions et poids<\/th>\n<\/tr>\n<tr>\n<td>Largeur<\/td>\n<td>59,7 cm<\/td>\n<\/tr>\n<tr>\n<td>Profondeur<\/td>\n<td>49.7 cm<\/td>\n<\/tr>\n<tr>\n<td>Hauteur<\/td>\n<td>84,5 cm<\/td>\n<\/tr>\n<tr>\n<td>Poids<\/td>\n<td>55.2 kg<\/td>\n<\/tr>\n<tr>\n<th colspan=\"2\">Dimensions et poids (emball\u00e9)<\/th>\n<\/tr>\n<tr>\n<td>Largeur (emball\u00e9e)<\/td>\n<td>64.1 cm<\/td>\n<\/tr>\n<tr>\n<td>Profondeur (emball\u00e9e)<\/td>\n<td>54.7 cm<\/td>\n<\/tr>\n<tr>\n<td>Hauteur (Exp\u00e9dition)<\/td>\n<td>88.1 cm<\/td>\n<\/tr>\n<tr>\n<td>Poids (Exp\u00e9dition)<\/td>\n<td>56.6 kg<\/td>\n<\/tr>\n<\/tbody>\n<\/table>\n","protected":false},"excerpt":{"rendered":"<p>G\u00e9n\u00e9ral Type de Produit Machine \u00e0 laver &#8211; chargement frontal Couleur Blanc Consommation d&#8217;\u00e9nergie annuelle 171 kWh Vitesse d\u2019essorage Variable &#8211; 1000 tours\/min (maximum) Mat\u00e9riau du tambour Acier inoxydable Nombre de programmes 15 Niveau sonore maximum 77 dB Niveau sonore (lavage) 58 dB Capacit\u00e9 de lavage du tambour 44 litres Facteur de forme Ind\u00e9pendant Niveau [&hellip;]<\/p>\n","protected":false},"featured_media":346,"template":"","meta":{"spay_email":""},"product_cat":[89],"product_tag":[72,64],"_links":{"self":[{"href":"https:\/\/goodsweek.com\/index.php\/wp-json\/wp\/v2\/product\/345"}],"collection":[{"href":"https:\/\/goodsweek.com\/index.php\/wp-json\/wp\/v2\/product"}],"about":[{"href":"https:\/\/goodsweek.com\/index.php\/wp-json\/wp\/v2\/types\/product"}],"wp:featuredmedia":[{"embeddable":true,"href":"https:\/\/goodsweek.com\/index.php\/wp-json\/wp\/v2\/media\/346"}],"wp:attachment":[{"href":"https:\/\/goodsweek.com\/index.php\/wp-json\/wp\/v2\/media?parent=345"}],"wp:term":[{"taxonomy":"product_cat","embeddable":true,"href":"https:\/\/goodsweek.com\/index.php\/wp-json\/wp\/v2\/product_cat?post=345"},{"taxonomy":"product_tag","embeddable":true,"href":"https:\/\/goodsweek.com\/index.php\/wp-json\/wp\/v2\/product_tag?post=345"}],"curies":[{"name":"wp","href":"https:\/\/api.w.org\/{rel}","templated":true}]}}