{"id":333,"date":"2020-06-04T23:14:27","date_gmt":"2020-06-04T21:14:27","guid":{"rendered":"https:\/\/goodsweek.com\/?post_type=product&#038;p=333"},"modified":"2020-12-02T01:16:59","modified_gmt":"2020-12-02T00:16:59","slug":"minifour-electrique-oceanic-20l-oceamf20s2-silver-1380w-grill-rotissoire-convection-naturelle","status":"publish","type":"product","link":"https:\/\/goodsweek.com\/index.php\/produit\/minifour-electrique-oceanic-20l-oceamf20s2-silver-1380w-grill-rotissoire-convection-naturelle\/","title":{"rendered":"Minifour \u00e9lectrique OCEANIC 20L OCEAMF20S2 &#8211; silver &#8211; 1380W &#8211; Grill rotissoire &#8211; Convection naturelle"},"content":{"rendered":"<table class=\"fpDescTb fpDescTbPub\">\n<tbody>\n<tr>\n<th colspan=\"2\">G\u00e9n\u00e9ral<\/th>\n<\/tr>\n<tr>\n<td>Type de Produit<\/td>\n<td>Four \u00e9lectrique<\/td>\n<\/tr>\n<tr>\n<td>Temp\u00e9rature variable<\/td>\n<td>Oui<\/td>\n<\/tr>\n<tr>\n<td>Contenance<\/td>\n<td>20 litres<\/td>\n<\/tr>\n<tr>\n<th colspan=\"2\">Fours \u00e9lectriques<\/th>\n<\/tr>\n<tr>\n<td>Fonction de cuisson<\/td>\n<td>Gril, r\u00f4tisserie<\/td>\n<\/tr>\n<tr>\n<td>Convection<\/td>\n<td>Oui<\/td>\n<\/tr>\n<tr>\n<th colspan=\"2\">R\u00e9glages, commandes et voyants<\/th>\n<\/tr>\n<tr>\n<td>Indicateurs<\/td>\n<td>Oui<\/td>\n<\/tr>\n<tr>\n<th colspan=\"2\">Consommation<\/th>\n<\/tr>\n<tr>\n<td>Alimentation<\/td>\n<td>220 &#8211; 240 V \/ 50\/60 Hz<\/td>\n<\/tr>\n<tr>\n<td>Puissance \u00e9lectrique<\/td>\n<td>1300 Watt<\/td>\n<\/tr>\n<tr>\n<td>Longueur du cordon<\/td>\n<td>0.9 m<\/td>\n<\/tr>\n<tr>\n<td>Courant nominal<\/td>\n<td>5.7 A<\/td>\n<\/tr>\n<tr>\n<td>Type de prise<\/td>\n<td>Euro (style Fran\u00e7ais)<\/td>\n<\/tr>\n<tr>\n<th colspan=\"2\">Dimensions et poids<\/th>\n<\/tr>\n<tr>\n<td>Largeur<\/td>\n<td>45.2 cm<\/td>\n<\/tr>\n<tr>\n<td>Hauteur<\/td>\n<td>29.7 cm<\/td>\n<\/tr>\n<tr>\n<td>Profondeur<\/td>\n<td>37.4 cm<\/td>\n<\/tr>\n<tr>\n<td>Poids<\/td>\n<td>8 kg<\/td>\n<\/tr>\n<tr>\n<th colspan=\"2\">Dimensions et poids (emball\u00e9)<\/th>\n<\/tr>\n<tr>\n<td>Hauteur (Exp\u00e9dition)<\/td>\n<td>34.2 cm<\/td>\n<\/tr>\n<tr>\n<td>Largeur (emball\u00e9e)<\/td>\n<td>49.7 cm<\/td>\n<\/tr>\n<tr>\n<td>Profondeur (emball\u00e9e)<\/td>\n<td>40.4 cm<\/td>\n<\/tr>\n<tr>\n<td>Poids (Exp\u00e9dition)<\/td>\n<td>9 kg<\/td>\n<\/tr>\n<\/tbody>\n<\/table>\n","protected":false},"excerpt":{"rendered":"<p>G\u00e9n\u00e9ral Type de Produit Four \u00e9lectrique Temp\u00e9rature variable Oui Contenance 20 litres Fours \u00e9lectriques Fonction de cuisson Gril, r\u00f4tisserie Convection Oui R\u00e9glages, commandes et voyants Indicateurs Oui Consommation Alimentation 220 &#8211; 240 V \/ 50\/60 Hz Puissance \u00e9lectrique 1300 Watt Longueur du cordon 0.9 m Courant nominal 5.7 A Type de prise Euro (style Fran\u00e7ais) [&hellip;]<\/p>\n","protected":false},"featured_media":334,"template":"","meta":{"spay_email":""},"product_cat":[89],"product_tag":[63,64],"_links":{"self":[{"href":"https:\/\/goodsweek.com\/index.php\/wp-json\/wp\/v2\/product\/333"}],"collection":[{"href":"https:\/\/goodsweek.com\/index.php\/wp-json\/wp\/v2\/product"}],"about":[{"href":"https:\/\/goodsweek.com\/index.php\/wp-json\/wp\/v2\/types\/product"}],"wp:featuredmedia":[{"embeddable":true,"href":"https:\/\/goodsweek.com\/index.php\/wp-json\/wp\/v2\/media\/334"}],"wp:attachment":[{"href":"https:\/\/goodsweek.com\/index.php\/wp-json\/wp\/v2\/media?parent=333"}],"wp:term":[{"taxonomy":"product_cat","embeddable":true,"href":"https:\/\/goodsweek.com\/index.php\/wp-json\/wp\/v2\/product_cat?post=333"},{"taxonomy":"product_tag","embeddable":true,"href":"https:\/\/goodsweek.com\/index.php\/wp-json\/wp\/v2\/product_tag?post=333"}],"curies":[{"name":"wp","href":"https:\/\/api.w.org\/{rel}","templated":true}]}}