{"id":327,"date":"2020-06-04T22:49:43","date_gmt":"2020-06-04T20:49:43","guid":{"rendered":"https:\/\/goodsweek.com\/?post_type=product&#038;p=327"},"modified":"2020-12-02T01:17:34","modified_gmt":"2020-12-02T00:17:34","slug":"machine-a-coudre-singer-m2405-8-programmes-de-points-70w","status":"publish","type":"product","link":"https:\/\/goodsweek.com\/index.php\/produit\/machine-a-coudre-singer-m2405-8-programmes-de-points-70w\/","title":{"rendered":"Machine \u00e0 coudre SINGER M2405 &#8211; 8 programmes de points &#8211; 70W"},"content":{"rendered":"<p>Nombre de programmes : 8<br \/>\nR\u00e9glage longueur point : OUI<br \/>\nBoutonni\u00e8re automatique en 4 temps<br \/>\nEclairage Led du plan de travail<br \/>\nCanette verticale<br \/>\nEnfilage simplifi\u00e9<br \/>\nBras libre<br \/>\nCh\u00e2ssis en m\u00e9tal<br \/>\nBobine de chargement frontal<br \/>\nBo\u00eete d\u2019accessoires incluse<\/p>\n<table class=\"fpDescTb fpDescTbPub\">\n<tbody>\n<tr>\n<th colspan=\"2\">Dimensions et poids<\/th>\n<\/tr>\n<tr>\n<td>Dimensions emballage (L x P x H)<\/td>\n<td>44 cm x 24 cm x 35 cm<\/td>\n<\/tr>\n<tr>\n<td>Poids emball\u00e9 en kg<\/td>\n<td>6,700 kg<\/td>\n<\/tr>\n<tr>\n<td>Largeur emballage<\/td>\n<td>44 cm<\/td>\n<\/tr>\n<tr>\n<td>Longueur emballage<\/td>\n<td>24 cm<\/td>\n<\/tr>\n<tr>\n<td>Hauteur emballage<\/td>\n<td>35 cm<\/td>\n<\/tr>\n<\/tbody>\n<\/table>\n","protected":false},"excerpt":{"rendered":"<p>Nombre de programmes : 8 R\u00e9glage longueur point : OUI Boutonni\u00e8re automatique en 4 temps Eclairage Led du plan de travail Canette verticale Enfilage simplifi\u00e9 Bras libre Ch\u00e2ssis en m\u00e9tal Bobine de chargement frontal Bo\u00eete d\u2019accessoires incluse Dimensions et poids Dimensions emballage (L x P x H) 44 cm x 24 cm x 35 cm [&hellip;]<\/p>\n","protected":false},"featured_media":328,"template":"","meta":{"spay_email":""},"product_cat":[89],"product_tag":[62,61],"_links":{"self":[{"href":"https:\/\/goodsweek.com\/index.php\/wp-json\/wp\/v2\/product\/327"}],"collection":[{"href":"https:\/\/goodsweek.com\/index.php\/wp-json\/wp\/v2\/product"}],"about":[{"href":"https:\/\/goodsweek.com\/index.php\/wp-json\/wp\/v2\/types\/product"}],"wp:featuredmedia":[{"embeddable":true,"href":"https:\/\/goodsweek.com\/index.php\/wp-json\/wp\/v2\/media\/328"}],"wp:attachment":[{"href":"https:\/\/goodsweek.com\/index.php\/wp-json\/wp\/v2\/media?parent=327"}],"wp:term":[{"taxonomy":"product_cat","embeddable":true,"href":"https:\/\/goodsweek.com\/index.php\/wp-json\/wp\/v2\/product_cat?post=327"},{"taxonomy":"product_tag","embeddable":true,"href":"https:\/\/goodsweek.com\/index.php\/wp-json\/wp\/v2\/product_tag?post=327"}],"curies":[{"name":"wp","href":"https:\/\/api.w.org\/{rel}","templated":true}]}}