{"id":323,"date":"2020-06-04T22:34:17","date_gmt":"2020-06-04T20:34:17","guid":{"rendered":"https:\/\/goodsweek.com\/?post_type=product&#038;p=323"},"modified":"2020-12-02T01:17:52","modified_gmt":"2020-12-02T00:17:52","slug":"airdots-redmi-ecouteur-bluetooth-boitier-de-charge-noir","status":"publish","type":"product","link":"https:\/\/goodsweek.com\/index.php\/produit\/airdots-redmi-ecouteur-bluetooth-boitier-de-charge-noir\/","title":{"rendered":"Airdots Redmi \u2013 Ecouteur Bluetooth + boitier de charge \u2013 Noir"},"content":{"rendered":"<p>-Qualit\u00e9 sonore HD haute qualit\u00e9: Bluetooth 5.0<br \/>\n-Couplage inamento monocanal<br \/>\n-12 heures par match: Chaque casque est \u00e9quip\u00e9 d&#8217;une batterie int\u00e9gr\u00e9e de 40 mAh<br \/>\n-Le paquet contient une paire d\u2019\u00e9couteurs, une bo\u00eete de charge, deux paires de cache-oreilles et la notice<\/p>\n","protected":false},"excerpt":{"rendered":"<p>-Qualit\u00e9 sonore HD haute qualit\u00e9: Bluetooth 5.0 -Couplage inamento monocanal -12 heures par match: Chaque casque est \u00e9quip\u00e9 d&#8217;une batterie int\u00e9gr\u00e9e de 40 mAh -Le paquet contient une paire d\u2019\u00e9couteurs, une bo\u00eete de charge, deux paires de cache-oreilles et la notice<\/p>\n","protected":false},"featured_media":324,"template":"","meta":{"spay_email":""},"product_cat":[92],"product_tag":[58],"_links":{"self":[{"href":"https:\/\/goodsweek.com\/index.php\/wp-json\/wp\/v2\/product\/323"}],"collection":[{"href":"https:\/\/goodsweek.com\/index.php\/wp-json\/wp\/v2\/product"}],"about":[{"href":"https:\/\/goodsweek.com\/index.php\/wp-json\/wp\/v2\/types\/product"}],"wp:featuredmedia":[{"embeddable":true,"href":"https:\/\/goodsweek.com\/index.php\/wp-json\/wp\/v2\/media\/324"}],"wp:attachment":[{"href":"https:\/\/goodsweek.com\/index.php\/wp-json\/wp\/v2\/media?parent=323"}],"wp:term":[{"taxonomy":"product_cat","embeddable":true,"href":"https:\/\/goodsweek.com\/index.php\/wp-json\/wp\/v2\/product_cat?post=323"},{"taxonomy":"product_tag","embeddable":true,"href":"https:\/\/goodsweek.com\/index.php\/wp-json\/wp\/v2\/product_tag?post=323"}],"curies":[{"name":"wp","href":"https:\/\/api.w.org\/{rel}","templated":true}]}}