{"id":299,"date":"2020-06-04T17:00:31","date_gmt":"2020-06-04T15:00:31","guid":{"rendered":"https:\/\/goodsweek.com\/?post_type=product&#038;p=299"},"modified":"2020-12-02T01:18:51","modified_gmt":"2020-12-02T00:18:51","slug":"meuble-a-chaussures-camille-avec-rangement-1-tiroir-et-3-portes-melamine-decor-chene","status":"publish","type":"product","link":"https:\/\/goodsweek.com\/index.php\/produit\/meuble-a-chaussures-camille-avec-rangement-1-tiroir-et-3-portes-melamine-decor-chene\/","title":{"rendered":"Meuble \u00e0 chaussures Camille, 1 tiroir et 3 portes, ch\u00eane"},"content":{"rendered":"<p><strong>D\u00e9tail sur les meubles<\/strong><br \/>\nPlus produit : 1 tiroir et 3 portes + 7 tablettes int\u00e9rieures<br \/>\nFinition &amp; D\u00e9cor : M\u00e9lamin\u00e9 d\u00e9cor ch\u00eane sonoma<br \/>\nFinition : Mat<br \/>\nCouleur(s) : M\u00e9lamin\u00e9 d\u00e9cor ch\u00eane sonoma<br \/>\nNombre et type de rangements : 1 tiroir et 3 portes, 7 tablettes r\u00e9glables en hauteur : 3 grandes et 4 petites<br \/>\nFonctions : Modulable<br \/>\nNombre de porte(s) : 3 porte(s)<br \/>\nNombre de tiroirs : 1 tiroir(s)<br \/>\nNombre d&#8217;\u00e9tag\u00e8re(s) : 7 \u00e9tag\u00e8res<\/p>\n<p><strong>Dimensions produit<\/strong><br \/>\nLongueur : 88 cm<br \/>\nLargeur (profondeur) : 35 cm<br \/>\nHauteur : 70 cm<\/p>\n<p>Montage : A monter soi-m\u00eame<br \/>\nType d&#8217;installation : A poser au sol<br \/>\nConseil d&#8217;entretien : facile \u00e0 l&#8217;aide d&#8217;un chiffon l\u00e9g\u00e8rement humide<br \/>\nConseil de montage : L&#8217;article est livr\u00e9 en pi\u00e8ces d\u00e9tach\u00e9es &#8211; Assemblage facile gr\u00e2ce \u00e0 la notice de montage<\/p>\n<p><b>Caract\u00e9ristiques du produit :<\/b><br \/>\n&#8211; Avec 7 tablettes r\u00e9glables en hauteur : 3 grandes et 4 petites<br \/>\n&#8211; Dimensions espace derri\u00e8re les 2 portes (L x H x P) : 55,5 x 50,5 x 32 cm<br \/>\n&#8211; Dimensions espace derri\u00e8re la grande porte (L x H x P) : 27,5 x 64,5 x 32 cm<br \/>\n&#8211; Dimensions int\u00e9rieures du tiroir (L x H x P) : 52 x 11,5 x 27 cm<br \/>\n&#8211; Charge max sur le plateau sup\u00e9rieur : 20 kg<br \/>\n&#8211; Charge max sur les \u00e9tag\u00e8res : 3 kg<br \/>\n&#8211; Charge max dans le tiroir : 3 kg<br \/>\n&#8211; Fond du tiroir et panneau arri\u00e8re en MDF<br \/>\n&#8211; Poign\u00e9es en plastique chrom\u00e9 mat<\/p>\n<p><b>Livraison et montage :<\/b><br \/>\n&#8211; Contenu de la livraison : meuble \u00e0 chaussures, sans d\u00e9coration, notice de montage<br \/>\n&#8211; Le produit est livr\u00e9 en pi\u00e8ces d\u00e9tach\u00e9es<br \/>\n&#8211; Assemblage facile gr\u00e2ce \u00e0 la notice<br \/>\n&#8211; Photo non contractuelle<\/p>\n<p>&nbsp;<\/p>\n","protected":false},"excerpt":{"rendered":"<p>D\u00e9tail sur les meubles Plus produit : 1 tiroir et 3 portes + 7 tablettes int\u00e9rieures Finition &amp; D\u00e9cor : M\u00e9lamin\u00e9 d\u00e9cor ch\u00eane sonoma Finition : Mat Couleur(s) : M\u00e9lamin\u00e9 d\u00e9cor ch\u00eane sonoma Nombre et type de rangements : 1 tiroir et 3 portes, 7 tablettes r\u00e9glables en hauteur : 3 grandes et 4 petites [&hellip;]<\/p>\n","protected":false},"featured_media":300,"template":"","meta":{"spay_email":""},"product_cat":[86],"product_tag":[57],"_links":{"self":[{"href":"https:\/\/goodsweek.com\/index.php\/wp-json\/wp\/v2\/product\/299"}],"collection":[{"href":"https:\/\/goodsweek.com\/index.php\/wp-json\/wp\/v2\/product"}],"about":[{"href":"https:\/\/goodsweek.com\/index.php\/wp-json\/wp\/v2\/types\/product"}],"wp:featuredmedia":[{"embeddable":true,"href":"https:\/\/goodsweek.com\/index.php\/wp-json\/wp\/v2\/media\/300"}],"wp:attachment":[{"href":"https:\/\/goodsweek.com\/index.php\/wp-json\/wp\/v2\/media?parent=299"}],"wp:term":[{"taxonomy":"product_cat","embeddable":true,"href":"https:\/\/goodsweek.com\/index.php\/wp-json\/wp\/v2\/product_cat?post=299"},{"taxonomy":"product_tag","embeddable":true,"href":"https:\/\/goodsweek.com\/index.php\/wp-json\/wp\/v2\/product_tag?post=299"}],"curies":[{"name":"wp","href":"https:\/\/api.w.org\/{rel}","templated":true}]}}