{"id":296,"date":"2020-06-04T18:00:11","date_gmt":"2020-06-04T16:00:11","guid":{"rendered":"https:\/\/goodsweek.com\/?post_type=product&#038;p=296"},"modified":"2020-12-02T01:18:13","modified_gmt":"2020-12-02T00:18:13","slug":"buffet-bas-scandinave-blanc-gris-et-decor-bois-61-cm","status":"publish","type":"product","link":"https:\/\/goodsweek.com\/index.php\/produit\/buffet-bas-scandinave-blanc-gris-et-decor-bois-61-cm\/","title":{"rendered":"Buffet bas scandinave blanc, gris et d\u00e9cor bois &#8211; 61 cm"},"content":{"rendered":"<table class=\"fpDescTb fpDescTbPub\">\n<tbody>\n<tr>\n<th colspan=\"2\">G\u00e9n\u00e9ral<\/th>\n<\/tr>\n<tr>\n<td>Marque<\/td>\n<td>AUCUNE<\/td>\n<\/tr>\n<tr>\n<td>Cat\u00e9gorie de produit<\/td>\n<td>Meuble de s\u00e9jour<\/td>\n<\/tr>\n<tr>\n<td>Type de Produit<\/td>\n<td>Buffet bas<\/td>\n<\/tr>\n<tr>\n<td>Type de pi\u00e8ce<\/td>\n<td>Salon<\/td>\n<\/tr>\n<tr>\n<td>Style<\/td>\n<td>Scandinave &#8211; Moderne<\/td>\n<\/tr>\n<tr>\n<td>Type de fabrication<\/td>\n<td>Artisanal<\/td>\n<\/tr>\n<tr>\n<th colspan=\"2\">D\u00e9tail sur les meubles<\/th>\n<\/tr>\n<tr>\n<td>Mati\u00e8re de la structure<\/td>\n<td>Panneaux de particules et pin massif<\/td>\n<\/tr>\n<tr>\n<td>Mati\u00e8re du plateau<\/td>\n<td>Panneaux de particules et pin massif<\/td>\n<\/tr>\n<tr>\n<td>Type de bois<\/td>\n<td>Pin<\/td>\n<\/tr>\n<tr>\n<td>Finition &amp; D\u00e9cor<\/td>\n<td>Brillant<\/td>\n<\/tr>\n<tr>\n<td>Finition<\/td>\n<td>Brillant<\/td>\n<\/tr>\n<tr>\n<td>Forme<\/td>\n<td>Rectangulaire<\/td>\n<\/tr>\n<tr>\n<td>Couleur(s)<\/td>\n<td>Blanc, gris, et d\u00e9cor bois<\/td>\n<\/tr>\n<tr>\n<td>Nombre et type de rangements<\/td>\n<td>3 tiroirs et 1 \u00e9tag\u00e8re<\/td>\n<\/tr>\n<tr>\n<td>Amortisseur de porte \/ tiroir<\/td>\n<td>Non<\/td>\n<\/tr>\n<tr>\n<td>Portes &#8211; Tiroirs<\/td>\n<td>Tiroir(s)<\/td>\n<\/tr>\n<tr>\n<td>Nombre de tiroirs<\/td>\n<td>3 tiroir(s)<\/td>\n<\/tr>\n<tr>\n<td>Nombre d&#8217;\u00e9tag\u00e8re(s)<\/td>\n<td>1 \u00e9tag\u00e8re<\/td>\n<\/tr>\n<tr>\n<td>Type de buffet<\/td>\n<td>Buffet bas<\/td>\n<\/tr>\n<tr>\n<th colspan=\"2\">Dimensions produit<\/th>\n<\/tr>\n<tr>\n<td>Longueur<\/td>\n<td>61 cm<\/td>\n<\/tr>\n<tr>\n<td>Largeur (profondeur)<\/td>\n<td>38 cm<\/td>\n<\/tr>\n<tr>\n<td>Hauteur<\/td>\n<td>83 cm<\/td>\n<\/tr>\n<tr>\n<td>Dimensions (L x p x h)<\/td>\n<td>L 61 x P 38 x H 83 cm<\/td>\n<\/tr>\n<tr>\n<td>Poids (net)<\/td>\n<td>12,8 kg<\/td>\n<\/tr>\n<tr>\n<th colspan=\"2\">Montage<\/th>\n<\/tr>\n<tr>\n<td>Montage<\/td>\n<td>A monter soi-m\u00eame<\/td>\n<\/tr>\n<tr>\n<td>Fixation et visseries fournies<\/td>\n<td>Oui<\/td>\n<\/tr>\n<tr>\n<td>Conseil d&#8217;entretien<\/td>\n<td>Nettoyage avec un chiffon sec<\/td>\n<\/tr>\n<tr>\n<th colspan=\"2\">Colis<\/th>\n<\/tr>\n<tr>\n<td>Dimensions du colis (l x p x h)<\/td>\n<td>66 x 44 x 71 cm<\/td>\n<\/tr>\n<tr>\n<td>Poids colis<\/td>\n<td>14,6 kg<\/td>\n<\/tr>\n<\/tbody>\n<\/table>\n","protected":false},"excerpt":{"rendered":"<p>G\u00e9n\u00e9ral Marque AUCUNE Cat\u00e9gorie de produit Meuble de s\u00e9jour Type de Produit Buffet bas Type de pi\u00e8ce Salon Style Scandinave &#8211; Moderne Type de fabrication Artisanal D\u00e9tail sur les meubles Mati\u00e8re de la structure Panneaux de particules et pin massif Mati\u00e8re du plateau Panneaux de particules et pin massif Type de bois Pin Finition &amp; [&hellip;]<\/p>\n","protected":false},"featured_media":297,"template":"","meta":{"spay_email":""},"product_cat":[86],"product_tag":[56],"_links":{"self":[{"href":"https:\/\/goodsweek.com\/index.php\/wp-json\/wp\/v2\/product\/296"}],"collection":[{"href":"https:\/\/goodsweek.com\/index.php\/wp-json\/wp\/v2\/product"}],"about":[{"href":"https:\/\/goodsweek.com\/index.php\/wp-json\/wp\/v2\/types\/product"}],"wp:featuredmedia":[{"embeddable":true,"href":"https:\/\/goodsweek.com\/index.php\/wp-json\/wp\/v2\/media\/297"}],"wp:attachment":[{"href":"https:\/\/goodsweek.com\/index.php\/wp-json\/wp\/v2\/media?parent=296"}],"wp:term":[{"taxonomy":"product_cat","embeddable":true,"href":"https:\/\/goodsweek.com\/index.php\/wp-json\/wp\/v2\/product_cat?post=296"},{"taxonomy":"product_tag","embeddable":true,"href":"https:\/\/goodsweek.com\/index.php\/wp-json\/wp\/v2\/product_tag?post=296"}],"curies":[{"name":"wp","href":"https:\/\/api.w.org\/{rel}","templated":true}]}}