{"id":278,"date":"2020-05-31T14:56:42","date_gmt":"2020-05-31T12:56:42","guid":{"rendered":"https:\/\/goodsweek.com\/?post_type=product&#038;p=278"},"modified":"2020-12-02T01:19:16","modified_gmt":"2020-12-02T00:19:16","slug":"smart-tv-qled-tcl-55ac710-4k-139cm-hdr-android-tv-disney-netflix","status":"publish","type":"product","link":"https:\/\/goodsweek.com\/index.php\/produit\/smart-tv-qled-tcl-55ac710-4k-139cm-hdr-android-tv-disney-netflix\/","title":{"rendered":"Smart TV QLED TCL 55AC710 &#8211; 4K &#8211; 139cm &#8211; HDR &#8211; Android TV &#8211; Disney+ &#8211; Netflix"},"content":{"rendered":"<table class=\"fpDescTb fpDescTbPub\">\n<tbody>\n<tr>\n<th colspan=\"2\">Informations g\u00e9n\u00e9rales sur le produit<\/th>\n<\/tr>\n<tr>\n<td>Marque<\/td>\n<td>TCL<\/td>\n<\/tr>\n<tr>\n<td>Nom du produit<\/td>\n<td>TCL 55AC710 TV QLED 4K &#8211; 55&#8243; (139cm) &#8211; HDR &#8211; Andro<\/td>\n<\/tr>\n<tr>\n<td>Cat\u00e9gorie<\/td>\n<td>T\u00e9l\u00e9viseur LED<\/td>\n<\/tr>\n<tr>\n<th colspan=\"2\">G\u00e9n\u00e9ral<\/th>\n<\/tr>\n<tr>\n<td>Type de Produit<\/td>\n<td>TV QLED &#8211; Smart TV<\/td>\n<\/tr>\n<tr>\n<td>Interface vid\u00e9o<\/td>\n<td>Composite, HDMI<\/td>\n<\/tr>\n<tr>\n<td>Interface PC<\/td>\n<td>Mobile High-Definition Link (MHL)<\/td>\n<\/tr>\n<tr>\n<td>Consommation \u00e9lectrique en mode marche<\/td>\n<td>87 Watt<\/td>\n<\/tr>\n<tr>\n<td>Dimensions<\/td>\n<td>Sans support<\/td>\n<\/tr>\n<tr>\n<td>Largeur<\/td>\n<td>122.9 cm<\/td>\n<\/tr>\n<tr>\n<td>Hauteur<\/td>\n<td>70.4 cm<\/td>\n<\/tr>\n<tr>\n<td>Profondeur<\/td>\n<td>7.5 cm<\/td>\n<\/tr>\n<tr>\n<td>Poids<\/td>\n<td>13.2 kg<\/td>\n<\/tr>\n<tr>\n<td>Consommation d&#8217;\u00e9nergie annuelle<\/td>\n<td>108 kWh<\/td>\n<\/tr>\n<tr>\n<td>Plate-forme<\/td>\n<td>Android TV<\/td>\n<\/tr>\n<tr>\n<td>Classe de diagonale<\/td>\n<td>139.7 cm (55&#8243;)<\/td>\n<\/tr>\n<tr>\n<td>Modes<\/td>\n<td>Mode jeu, Mode film, mode sports, mode h\u00f4tel<\/td>\n<\/tr>\n<tr>\n<td>Am\u00e9liorations d&#8217;image<\/td>\n<td>Mega Dynamic Contrast Ratio, R\u00e9duction de bruit, UHD Premium Color Extender, iPQ 2.0 Engine<\/td>\n<\/tr>\n<tr>\n<td>Compatible HDR<\/td>\n<td>Oui<\/td>\n<\/tr>\n<tr>\n<td>Technologie HDR<\/td>\n<td>Dolby Vision, HDR Premium, HDR 10+<\/td>\n<\/tr>\n<tr>\n<td>Consommation en fonctionnement<\/td>\n<td>140 Watt<\/td>\n<\/tr>\n<tr>\n<td>Classe \u00e9nerg\u00e9tique<\/td>\n<td>Classe A+<\/td>\n<\/tr>\n<tr>\n<td>Taille de la diagonale<\/td>\n<td>139 cm (54.6&#8243;)<\/td>\n<\/tr>\n<tr>\n<td>Nombre de ports HDMI<\/td>\n<td>3 ports<\/td>\n<\/tr>\n<tr>\n<th colspan=\"2\">Affichage<\/th>\n<\/tr>\n<tr>\n<td>Technologie de r\u00e9tro\u00e9clairage LCD<\/td>\n<td>Quantum Dot technology &#8211; Quantum Dot technology &#8211; Assombrissement Micro Pro<\/td>\n<\/tr>\n<tr>\n<td>R\u00e9solution<\/td>\n<td>3840 x 2160<\/td>\n<\/tr>\n<tr>\n<td>Format d&#8217;affichage<\/td>\n<td>4K UHD (2160p)<\/td>\n<\/tr>\n<tr>\n<td>Langue du menu d&#8217;affichage<\/td>\n<td>Multilingual<\/td>\n<\/tr>\n<tr>\n<td>Fonctions suppl\u00e9mentaires<\/td>\n<td>Processeur Quad-Core, support 10 bits<\/td>\n<\/tr>\n<tr>\n<td>Format de l&#8217;image<\/td>\n<td>16:9<\/td>\n<\/tr>\n<tr>\n<td>Taux d&#8217;image et technologie d&#8217;am\u00e9lioration<\/td>\n<td>2400 Picture Performance Index<\/td>\n<\/tr>\n<tr>\n<th colspan=\"2\">Connexions<\/th>\n<\/tr>\n<tr>\n<td>Type de connecteur<\/td>\n<td>Sortie audio num\u00e9rique (optique)<br \/>\n2 x HDMI<br \/>\nCasque<br \/>\n2 x USB 2.0<br \/>\nLAN<br \/>\nEntr\u00e9e vid\u00e9o composite<br \/>\nEntr\u00e9e MHL\/HDMI\/DVI<\/td>\n<\/tr>\n<tr>\n<th colspan=\"2\">Tuner de t\u00e9l\u00e9vision<\/th>\n<\/tr>\n<tr>\n<td>Tuner TV analogique<\/td>\n<td>NTSC, PAL, SECAM<\/td>\n<\/tr>\n<tr>\n<td>Syst\u00e8me de r\u00e9ception<\/td>\n<td>PAL-L, SECAM-I, SECAM-D, SECAM-B, SECAM-K, PAL-B, SECAM-G, PAL-G, PAL-I, PAL-D, SECAM-L, PAL-K<\/td>\n<\/tr>\n<tr>\n<td>Acc\u00e8s conditionnel<\/td>\n<td>Logement Common Interface Plus (CI+)<\/td>\n<\/tr>\n<tr>\n<td>Aper\u00e7u multi-chaines<\/td>\n<td>PAT (image et texte)<\/td>\n<\/tr>\n<tr>\n<th colspan=\"2\">Tuner TV num\u00e9rique<\/th>\n<\/tr>\n<tr>\n<td>Tuner TV num\u00e9rique<\/td>\n<td>DVB-C, DVB-S2, DVB-T2<\/td>\n<\/tr>\n<tr>\n<td>Service de t\u00e9l\u00e9vision num\u00e9rique<\/td>\n<td>HbbTV<\/td>\n<\/tr>\n<tr>\n<td>Profils et niveaux MPEG<\/td>\n<td>H.264\/H.265, MPEG2\/H.264<\/td>\n<\/tr>\n<tr>\n<th colspan=\"2\">Fonctionnalit\u00e9s vid\u00e9o<\/th>\n<\/tr>\n<tr>\n<td>Guide \u00e9lectronique des programmes<\/td>\n<td>EPG num\u00e9rique<\/td>\n<\/tr>\n<tr>\n<th colspan=\"2\">Lecteur multim\u00e9dia<\/th>\n<\/tr>\n<tr>\n<td>Syst\u00e8me d&#8217;exploitation<\/td>\n<td>Android OS 9.0<\/td>\n<\/tr>\n<tr>\n<td>Nombre de ports USB<\/td>\n<td>2<\/td>\n<\/tr>\n<tr>\n<th colspan=\"2\">Syst\u00e8me audio<\/th>\n<\/tr>\n<tr>\n<td>Syst\u00e8me de haut-parleurs<\/td>\n<td>2 haut-parleurs<\/td>\n<\/tr>\n<tr>\n<td>Alimentation en sortie \/ Total<\/td>\n<td>20 Watt<\/td>\n<\/tr>\n<tr>\n<td>Bruitages<\/td>\n<td>Dolby Atmos<\/td>\n<\/tr>\n<tr>\n<td>Format audio num\u00e9rique<\/td>\n<td>Sortie num\u00e9rique Dolby True HD, Dolby Atmos, sortie Dolby AC-4<\/td>\n<\/tr>\n<tr>\n<td>Haut-parleurs<\/td>\n<td>2 x haut-parleur \u00e0 canal principal &#8211; int\u00e9gr\u00e9 &#8211; 10 Watt<\/td>\n<\/tr>\n<tr>\n<td>Fonctions suppl\u00e9mentaires<\/td>\n<td>Down-firing Speaker<\/td>\n<\/tr>\n<tr>\n<th colspan=\"2\">Multim\u00e9dia r\u00e9seau et Internet<\/th>\n<\/tr>\n<tr>\n<td>Fonctionnalit\u00e9s<\/td>\n<td>Navigation WEB<\/td>\n<\/tr>\n<tr>\n<td>Connectivit\u00e9<\/td>\n<td>Wi-Fi, LAN, Bluetooth<\/td>\n<\/tr>\n<tr>\n<td>Services de diffusion en streaming sur Internet<\/td>\n<td>Chromecast, Netflix 4K, Amazon Prime Video, YouTube 4K<\/td>\n<\/tr>\n<tr>\n<td>Protocole WiFi<\/td>\n<td>802.11g, 802.11n, 802.11ac<\/td>\n<\/tr>\n<tr>\n<td>Boutique d&#8217;applications<\/td>\n<td>Google Play<\/td>\n<\/tr>\n<tr>\n<td>Connecter &amp; partager<\/td>\n<td>Appareil d&#8217;interface humaine USB (HID), Lien de haute d\u00e9finition mobile (MHL)<\/td>\n<\/tr>\n<tr>\n<th colspan=\"2\">T\u00e9l\u00e9commande<\/th>\n<\/tr>\n<tr>\n<td>Type<\/td>\n<td>T\u00e9l\u00e9commande standard<\/td>\n<\/tr>\n<tr>\n<td>Mod\u00e8le de t\u00e9l\u00e9commande<\/td>\n<td>TCL RC802N4<\/td>\n<\/tr>\n<tr>\n<td>Caract\u00e9ristiques<\/td>\n<td>Support \u00e0 distance de smartphone<\/td>\n<\/tr>\n<tr>\n<th colspan=\"2\">Alimentation<\/th>\n<\/tr>\n<tr>\n<td>P\u00e9riph\u00e9rique d&#8217;alimentation<\/td>\n<td>Alimentation \u00e9lectrique<\/td>\n<\/tr>\n<tr>\n<td>Tension nominale<\/td>\n<td>CA 230V (50 Hz)<\/td>\n<\/tr>\n<tr>\n<td>Consommation \u00e9lectrique en veille<\/td>\n<td>0.29 Watt<\/td>\n<\/tr>\n<tr>\n<th colspan=\"2\">Supports et syst\u00e8mes de montage<\/th>\n<\/tr>\n<tr>\n<td>Pied<\/td>\n<td>Inclus<\/td>\n<\/tr>\n<tr>\n<td>Type de support<\/td>\n<td>De table<\/td>\n<\/tr>\n<tr>\n<td>Interface de montage pour \u00e9cran plat<\/td>\n<td>300 x 200 mm<\/td>\n<\/tr>\n<tr>\n<td>Caract\u00e9ristiques du support<\/td>\n<td>Fix\u00e9<\/td>\n<\/tr>\n<tr>\n<th colspan=\"2\">Dimensions et poids (emball\u00e9)<\/th>\n<\/tr>\n<tr>\n<td>Hauteur (Exp\u00e9dition)<\/td>\n<td>86 cm<\/td>\n<\/tr>\n<tr>\n<td>Largeur (emball\u00e9e)<\/td>\n<td>139.5 cm<\/td>\n<\/tr>\n<tr>\n<td>Profondeur (emball\u00e9e)<\/td>\n<td>15 cm<\/td>\n<\/tr>\n<tr>\n<td>Poids (Exp\u00e9dition)<\/td>\n<td>19.3 kg<\/td>\n<\/tr>\n<tr>\n<th colspan=\"2\">Divers<\/th>\n<\/tr>\n<tr>\n<td>Normes de conformit\u00e9<\/td>\n<td>CEC, HDCP 2.2<\/td>\n<\/tr>\n<tr>\n<th colspan=\"2\">Attributs de recherche<\/th>\n<\/tr>\n<tr>\n<td>Multim\u00e9dia r\u00e9seau et Internet|Connectivit\u00e9<\/td>\n<td>Bluetooth<br \/>\nLAN<br \/>\nWi-Fi<\/td>\n<\/tr>\n<tr>\n<td>T\u00e9l\u00e9vision|Compatible HDR<\/td>\n<td>Oui<\/td>\n<\/tr>\n<tr>\n<th colspan=\"2\">Dimensions &amp; Poids &#8211; D\u00e9tails<\/th>\n<\/tr>\n<tr>\n<td>Dimensions &amp; Poids &#8211; D\u00e9tails<\/td>\n<td>Panneau sans support au sol &#8211; 122.9 cm x 7.5 cm x 70.4 cm x 13.2 kg<br \/>\nPanneau avec support au sol &#8211; 122.9 cm x 30 cm x 76.6 cm x 14.4 kg<\/td>\n<\/tr>\n<\/tbody>\n<\/table>\n","protected":false},"excerpt":{"rendered":"<p>Informations g\u00e9n\u00e9rales sur le produit Marque TCL Nom du produit TCL 55AC710 TV QLED 4K &#8211; 55&#8243; (139cm) &#8211; HDR &#8211; Andro Cat\u00e9gorie T\u00e9l\u00e9viseur LED G\u00e9n\u00e9ral Type de Produit TV QLED &#8211; Smart TV Interface vid\u00e9o Composite, HDMI Interface PC Mobile High-Definition Link (MHL) Consommation \u00e9lectrique en mode marche 87 Watt Dimensions Sans support Largeur [&hellip;]<\/p>\n","protected":false},"featured_media":279,"template":"","meta":{"spay_email":""},"product_cat":[92],"product_tag":[55,54,53,29],"_links":{"self":[{"href":"https:\/\/goodsweek.com\/index.php\/wp-json\/wp\/v2\/product\/278"}],"collection":[{"href":"https:\/\/goodsweek.com\/index.php\/wp-json\/wp\/v2\/product"}],"about":[{"href":"https:\/\/goodsweek.com\/index.php\/wp-json\/wp\/v2\/types\/product"}],"wp:featuredmedia":[{"embeddable":true,"href":"https:\/\/goodsweek.com\/index.php\/wp-json\/wp\/v2\/media\/279"}],"wp:attachment":[{"href":"https:\/\/goodsweek.com\/index.php\/wp-json\/wp\/v2\/media?parent=278"}],"wp:term":[{"taxonomy":"product_cat","embeddable":true,"href":"https:\/\/goodsweek.com\/index.php\/wp-json\/wp\/v2\/product_cat?post=278"},{"taxonomy":"product_tag","embeddable":true,"href":"https:\/\/goodsweek.com\/index.php\/wp-json\/wp\/v2\/product_tag?post=278"}],"curies":[{"name":"wp","href":"https:\/\/api.w.org\/{rel}","templated":true}]}}