{"id":262,"date":"2020-05-31T08:46:33","date_gmt":"2020-05-31T06:46:33","guid":{"rendered":"https:\/\/goodsweek.com\/?post_type=product&#038;p=262"},"modified":"2020-12-02T01:19:42","modified_gmt":"2020-12-02T00:19:42","slug":"smartpohone-5g-huawei-p40-lite-midnight-black-128-go","status":"publish","type":"product","link":"https:\/\/goodsweek.com\/index.php\/produit\/smartpohone-5g-huawei-p40-lite-midnight-black-128-go\/","title":{"rendered":"Smartpohone 5G &#8211; HUAWEI P40 Lite Midnight Black 128 Go"},"content":{"rendered":"<p>\u00c9cran 6,5&#8243; FHD+<br \/>\nStockage 128 Go, jusqu&#8217;\u00e0 256 Go par Micro SD<br \/>\nRAM 6 Go<br \/>\nPhoto arri\u00e8re : 64 MP + 8 MP + 2 MP + 2 MP, avant : 16 MP<br \/>\nBatterie : 4000 mAh<br \/>\nProcesseur HUAWEI Kirin 820 Fr\u00e9quence : 8-core (1&#215;2.36GHz + 3&#215;2.2GHz + 4&#215;1.84GHz)<br \/>\nEMUI 10.1.1 | Based on AndroidTM 10<br \/>\nCapteur d&#8217;empreintes digitales<br \/>\nDAS T\u00eate : 0.81W\/kg, DAS Tronc : 1.10W\/kg, DAS Membres : 2.66W\/kg<\/p>\n<p>Disponible \u00e0 partir du 5 juin 2020<\/p>\n","protected":false},"excerpt":{"rendered":"<p>\u00c9cran 6,5&#8243; FHD+ Stockage 128 Go, jusqu&#8217;\u00e0 256 Go par Micro SD RAM 6 Go Photo arri\u00e8re : 64 MP + 8 MP + 2 MP + 2 MP, avant : 16 MP Batterie : 4000 mAh Processeur HUAWEI Kirin 820 Fr\u00e9quence : 8-core (1&#215;2.36GHz + 3&#215;2.2GHz + 4&#215;1.84GHz) EMUI 10.1.1 | Based on AndroidTM [&hellip;]<\/p>\n","protected":false},"featured_media":273,"template":"","meta":{"spay_email":""},"product_cat":[91],"product_tag":[51,50],"_links":{"self":[{"href":"https:\/\/goodsweek.com\/index.php\/wp-json\/wp\/v2\/product\/262"}],"collection":[{"href":"https:\/\/goodsweek.com\/index.php\/wp-json\/wp\/v2\/product"}],"about":[{"href":"https:\/\/goodsweek.com\/index.php\/wp-json\/wp\/v2\/types\/product"}],"wp:featuredmedia":[{"embeddable":true,"href":"https:\/\/goodsweek.com\/index.php\/wp-json\/wp\/v2\/media\/273"}],"wp:attachment":[{"href":"https:\/\/goodsweek.com\/index.php\/wp-json\/wp\/v2\/media?parent=262"}],"wp:term":[{"taxonomy":"product_cat","embeddable":true,"href":"https:\/\/goodsweek.com\/index.php\/wp-json\/wp\/v2\/product_cat?post=262"},{"taxonomy":"product_tag","embeddable":true,"href":"https:\/\/goodsweek.com\/index.php\/wp-json\/wp\/v2\/product_tag?post=262"}],"curies":[{"name":"wp","href":"https:\/\/api.w.org\/{rel}","templated":true}]}}