{"id":178,"date":"2020-04-30T01:00:16","date_gmt":"2020-04-29T23:00:16","guid":{"rendered":"https:\/\/goodsweek.com\/?post_type=product&#038;p=178"},"modified":"2020-12-02T01:20:20","modified_gmt":"2020-12-02T00:20:20","slug":"matelas-aura-160x200-cm-innovation-blue-latex-hr-25cm","status":"publish","type":"product","link":"https:\/\/goodsweek.com\/index.php\/produit\/matelas-aura-160x200-cm-innovation-blue-latex-hr-25cm\/","title":{"rendered":"Matelas AURA 160&#215;200 cm &#8211; Innovation Blue Latex-HR &#8211; 25cm"},"content":{"rendered":"<table class=\"fpDescTb fpDescTbPub\">\n<tbody>\n<tr>\n<th colspan=\"2\">G\u00e9n\u00e9ral<\/th>\n<\/tr>\n<tr>\n<td>Type de Produit<\/td>\n<td>MATELAS NEUF DE MARQUE NATURALEX-COSMOS<\/td>\n<\/tr>\n<tr>\n<td>Gamme<\/td>\n<td>100% Qualit\u00e9- Satisfaction Garantie<\/td>\n<\/tr>\n<tr>\n<td>Mod\u00e8les<\/td>\n<td>Extr\u00eamement durable-conception de qualit\u00e9.<\/td>\n<\/tr>\n<tr>\n<td>Certifications et normes<\/td>\n<td>Certifi\u00e9 Oeko-tex\u00ae: test\u00e9 contre les substances nocives<\/td>\n<\/tr>\n<tr>\n<td>Description du produit<\/td>\n<td>\u2022 Matelas syst\u00e8me Multicouches \u00e0 m\u00e9moire de forme Visco haute densit\u00e9.<br \/>\n\u2022 Mousse sp\u00e9ciale polyur\u00e9thane haute densit\u00e9 + latex 70 kg\/m3: excellente adaptabilit\u00e9. Anatomique.<br \/>\n\u2022 Ind\u00e9pendance de couchage. 7 zones. Support ferme, confortable. Mousse Ergonomique pour un meilleur<br \/>\nsoutien.<br \/>\n\u2022 Syst\u00e8me d\u2019hygi\u00e8ne maximale AIRFRESH SYSTEM auto-ventilation et r\u00e9gulation de la temp\u00e9rature.<br \/>\n\u2022 Extr\u00eamement durable avec une conception de qualit\u00e9.<br \/>\n\u2022 Platebande 3D FRESH pour une ventilation optimale.<br \/>\n\u2022 Made 100% Qualit\u00e9- Satisfaction<br \/>\n\u2022 Syst\u00e8me de qualit\u00e9. Certifi\u00e9 Oeko-tex, test\u00e9 contre les substances nocives.<br \/>\n\u2022 Garantie 10 ANS NATURALEX<\/td>\n<\/tr>\n<tr>\n<td>Conseil d&#8217;entretien<\/td>\n<td>A\u00e9ration Optimale+7 Zones Ergonomiques Rest Foam Soft Latex 70 Kg\/M322<\/td>\n<\/tr>\n<tr>\n<td>Couleur principale<\/td>\n<td>Blanc<\/td>\n<\/tr>\n<tr>\n<td>Couleur(s)<\/td>\n<td>Double couche sup\u00e9rieure avec syst\u00e8me air-fresh SYSTEM<\/td>\n<\/tr>\n<tr>\n<td>Dimensions du couchage<\/td>\n<td>160 x 200 cm<\/td>\n<\/tr>\n<tr>\n<td>Nombre de places<\/td>\n<td>2 places<\/td>\n<\/tr>\n<tr>\n<td>Mentions l\u00e9gales<\/td>\n<td>Produit destin\u00e9 \u00e0 un usage domestique<\/td>\n<\/tr>\n<tr>\n<th colspan=\"2\">Informations produit<\/th>\n<\/tr>\n<tr>\n<td>Type de matelas<\/td>\n<td>M\u00e9moire de forme<\/td>\n<\/tr>\n<tr>\n<td>Garnissage<\/td>\n<td>Latex<\/td>\n<\/tr>\n<tr>\n<td>Rev\u00eatement &#8211; coutil<\/td>\n<td>Tissu double strech DELUXE qualit\u00e9 sup\u00e9rieure: plus de confort doux et soyeux<\/td>\n<\/tr>\n<tr>\n<td>Type de mousse<\/td>\n<td>Mousse polyur\u00e9thane<br \/>\nMousse Haute R\u00e9silience (HR)<br \/>\nMousse \u00e0 m\u00e9moire de forme<\/td>\n<\/tr>\n<tr>\n<td>Densit\u00e9 des mousses<\/td>\n<td>multicouches:20 kg\/m3+35 kg\/m3+latex 70 kg\/m3<\/td>\n<\/tr>\n<tr>\n<td>Type de latex<\/td>\n<td>D\u00e9riv\u00e9s latex<br \/>\nLatex synth\u00e9tique<\/td>\n<\/tr>\n<tr>\n<td>Epaisseur du matelas<\/td>\n<td>25 cm<\/td>\n<\/tr>\n<tr>\n<td>Confort<\/td>\n<td>Equilibr\u00e9<br \/>\nMi-ferme<br \/>\nFermet\u00e9 r\u00e9glable<\/td>\n<\/tr>\n<tr>\n<td>Accueil<\/td>\n<td>Enveloppant &#8211; Equilibr\u00e9<\/td>\n<\/tr>\n<tr>\n<td>Zones de soutien<\/td>\n<td>Extra Confort Matelas: 7 zones de soutien ADAPTABILIT\u00c9 SUP\u00c9RIEURE<\/td>\n<\/tr>\n<tr>\n<td>D\u00e9houssable<\/td>\n<td>Non<\/td>\n<\/tr>\n<tr>\n<td>Face \u00e9t\u00e9 \/ hiver<\/td>\n<td>Oui<\/td>\n<\/tr>\n<tr>\n<td>Ind\u00e9pendance de couchage<\/td>\n<td>Excellente<\/td>\n<\/tr>\n<tr>\n<td>Points sensibles<\/td>\n<td>Jambes lourdes<br \/>\nMal de dos<br \/>\nSommeil l\u00e9ger<\/td>\n<\/tr>\n<tr>\n<td>Traitement de protection<\/td>\n<td>Anti-transpiration<br \/>\nHypoallerg\u00e9nique<\/td>\n<\/tr>\n<tr>\n<td>Plus matelas<\/td>\n<td>Double couche sup\u00e9rieure LATEX + MEMO-FEEL avec syst\u00e8me Air-Fresh<\/td>\n<\/tr>\n<tr>\n<td>Livr\u00e9 roul\u00e9<\/td>\n<td>Oui<\/td>\n<\/tr>\n<tr>\n<th colspan=\"2\">Accessoires livr\u00e9s<\/th>\n<\/tr>\n<tr>\n<td>Accessoires livr\u00e9s<\/td>\n<td>HAUTE VENTILATION &#8211; THERMOREGULATOR &#8211; IND\u00c9PENDANCE DE COUCHAGE EXCELENTE<\/td>\n<\/tr>\n<tr>\n<th colspan=\"2\">Dimensions colis<\/th>\n<\/tr>\n<tr>\n<td>Poids net<\/td>\n<td>Haute r\u00e9sistante-flexibilit\u00e9-Excellent soutien anatomique Rest Foam Soft Latex 70 Kg\/M322<\/td>\n<\/tr>\n<tr>\n<th colspan=\"2\">Garantie du fabricant<\/th>\n<\/tr>\n<tr>\n<td>Garantie (\u00b2)<\/td>\n<td>2 ans &#8211; pi\u00e8ces, main d\u2019\u0153uvre et d\u00e9placement<\/td>\n<\/tr>\n<tr>\n<td>Observations<\/td>\n<td>Merci de vous r\u00e9f\u00e9rer aux CGV du vendeur.<\/td>\n<\/tr>\n<tr>\n<td>Garantie additionnelle<\/td>\n<td>Garantie fournisseur : 10 ans &#8211; Pi\u00e8ces<\/td>\n<\/tr>\n<tr>\n<td>dur\u00e9e de disponibilit\u00e9 des pi\u00e8ces d\u00e9tach\u00e9es essentielles \u00e0 l\u2019utilisation du produit<\/td>\n<td>r\u00e9versible+hypoallerg\u00e9nique Rest Foam Soft Latex 70 Kg\/M322<\/td>\n<\/tr>\n<\/tbody>\n<\/table>\n","protected":false},"excerpt":{"rendered":"<p>G\u00e9n\u00e9ral Type de Produit MATELAS NEUF DE MARQUE NATURALEX-COSMOS Gamme 100% Qualit\u00e9- Satisfaction Garantie Mod\u00e8les Extr\u00eamement durable-conception de qualit\u00e9. Certifications et normes Certifi\u00e9 Oeko-tex\u00ae: test\u00e9 contre les substances nocives Description du produit \u2022 Matelas syst\u00e8me Multicouches \u00e0 m\u00e9moire de forme Visco haute densit\u00e9. \u2022 Mousse sp\u00e9ciale polyur\u00e9thane haute densit\u00e9 + latex 70 kg\/m3: excellente adaptabilit\u00e9. [&hellip;]<\/p>\n","protected":false},"featured_media":179,"template":"","meta":{"spay_email":""},"product_cat":[86],"product_tag":[31],"_links":{"self":[{"href":"https:\/\/goodsweek.com\/index.php\/wp-json\/wp\/v2\/product\/178"}],"collection":[{"href":"https:\/\/goodsweek.com\/index.php\/wp-json\/wp\/v2\/product"}],"about":[{"href":"https:\/\/goodsweek.com\/index.php\/wp-json\/wp\/v2\/types\/product"}],"wp:featuredmedia":[{"embeddable":true,"href":"https:\/\/goodsweek.com\/index.php\/wp-json\/wp\/v2\/media\/179"}],"wp:attachment":[{"href":"https:\/\/goodsweek.com\/index.php\/wp-json\/wp\/v2\/media?parent=178"}],"wp:term":[{"taxonomy":"product_cat","embeddable":true,"href":"https:\/\/goodsweek.com\/index.php\/wp-json\/wp\/v2\/product_cat?post=178"},{"taxonomy":"product_tag","embeddable":true,"href":"https:\/\/goodsweek.com\/index.php\/wp-json\/wp\/v2\/product_tag?post=178"}],"curies":[{"name":"wp","href":"https:\/\/api.w.org\/{rel}","templated":true}]}}