{"id":175,"date":"2020-04-30T01:00:34","date_gmt":"2020-04-29T23:00:34","guid":{"rendered":"https:\/\/goodsweek.com\/?post_type=product&#038;p=175"},"modified":"2020-12-02T01:20:01","modified_gmt":"2020-12-02T00:20:01","slug":"matelas-oasis-160x200-memoire-de-forme-mousse-oeko-tex","status":"publish","type":"product","link":"https:\/\/goodsweek.com\/index.php\/produit\/matelas-oasis-160x200-memoire-de-forme-mousse-oeko-tex\/","title":{"rendered":"Matelas OASIS 160&#215;200 &#8211; M\u00e9moire de forme &#8211; Mousse &#8211; OEKO-TEX"},"content":{"rendered":"<table class=\"fpDescTb fpDescTbPub\">\n<tbody>\n<tr>\n<th colspan=\"2\">G\u00e9n\u00e9ral<\/th>\n<\/tr>\n<tr>\n<td>Type de Produit<\/td>\n<td>Matelas<\/td>\n<\/tr>\n<tr>\n<td>Gamme<\/td>\n<td>PREMIUM<\/td>\n<\/tr>\n<tr>\n<td>Mod\u00e8les<\/td>\n<td>OASIS<\/td>\n<\/tr>\n<tr>\n<td>Certifications et normes<\/td>\n<td>OEKO-TEX , CertiPUR et ISO14001<\/td>\n<\/tr>\n<tr>\n<td>Pays d&#8217;origine<\/td>\n<td>Pologne<\/td>\n<\/tr>\n<tr>\n<td>Description du produit<\/td>\n<td>Le nouveau matelas PREMIUM OASIS fabriqu\u00e9 sp\u00e9cialement pour vous et vos besoins. Deux Faces avec la<br \/>\nmousse m\u00e9moire de forme qui s&#8217;adapte \u00e0 la forme de votre corps et mousse HR qui vous aidera augmente<br \/>\nr votre confort du sommeil.<\/td>\n<\/tr>\n<tr>\n<td>Conseil d&#8217;entretien<\/td>\n<td>D\u00e9baller et attendre 48-72 h pour qu&#8217;il reprend sa forme<\/td>\n<\/tr>\n<tr>\n<td>Couleur principale<\/td>\n<td>Blanc<\/td>\n<\/tr>\n<tr>\n<td>Dimensions du couchage<\/td>\n<td>160 x 200 cm<\/td>\n<\/tr>\n<tr>\n<td>Nombre de places<\/td>\n<td>2 places<\/td>\n<\/tr>\n<tr>\n<td>Poids (Jusqu&#8217;\u00e0)<\/td>\n<td>120 kg<\/td>\n<\/tr>\n<tr>\n<th colspan=\"2\">Informations produit<\/th>\n<\/tr>\n<tr>\n<td>Type de matelas<\/td>\n<td>M\u00e9moire de forme<br \/>\nMousse<\/td>\n<\/tr>\n<tr>\n<td>Matelas livr\u00e9 roul\u00e9 compress\u00e9<\/td>\n<td>Oui<\/td>\n<\/tr>\n<tr>\n<td>Rev\u00eatement &#8211; coutil<\/td>\n<td>La housse de matelas 100% polyester, d\u00e9houssable et lavable en machine \u00e0 40\u00b0<\/td>\n<\/tr>\n<tr>\n<td>Type de mousse<\/td>\n<td>Mousse \u00e0 m\u00e9moire de forme<br \/>\nMousse Haute R\u00e9silience (HR)<\/td>\n<\/tr>\n<tr>\n<td>Epaisseur du matelas<\/td>\n<td>16 cm<\/td>\n<\/tr>\n<tr>\n<td>Confort<\/td>\n<td>Mi-ferme<\/td>\n<\/tr>\n<tr>\n<td>Accueil<\/td>\n<td>Enveloppant &#8211; Equilibr\u00e9<\/td>\n<\/tr>\n<tr>\n<td>D\u00e9houssable<\/td>\n<td>Oui<\/td>\n<\/tr>\n<tr>\n<td>Face \u00e9t\u00e9 \/ hiver<\/td>\n<td>Oui<\/td>\n<\/tr>\n<tr>\n<td>Points sensibles<\/td>\n<td>Mal de dos<br \/>\nFrilosit\u00e9<br \/>\nSommeil l\u00e9ger<\/td>\n<\/tr>\n<tr>\n<td>Traitement de protection<\/td>\n<td>Anti-bact\u00e9rien<br \/>\nAnti-acarien<br \/>\nHypoallerg\u00e9nique<\/td>\n<\/tr>\n<tr>\n<td>Plus matelas<\/td>\n<td>Gr\u00e2ce \u00e0 la mousse m\u00e9moire de forme le matelas poss\u00e9de la face hiver. La face \u00e9t\u00e9 thermor\u00e9gulatrice g<br \/>\nr\u00e2ce \u00e0 la perm\u00e9abilit\u00e9 \u00e0 l&#8217;air. Fabrication Europ\u00e9enne<\/td>\n<\/tr>\n<tr>\n<td>Livr\u00e9 roul\u00e9<\/td>\n<td>Oui<\/td>\n<\/tr>\n<tr>\n<th colspan=\"2\">Dimensions colis<\/th>\n<\/tr>\n<tr>\n<td>Dimensions brutes &#8211; article emball\u00e9 (L x l x H)<\/td>\n<td>45 x 45 x 160 cm<\/td>\n<\/tr>\n<tr>\n<td>Poids emball\u00e9<\/td>\n<td>11,5 kg<\/td>\n<\/tr>\n<tr>\n<td>Poids net<\/td>\n<td>11 kg<\/td>\n<\/tr>\n<\/tbody>\n<\/table>\n","protected":false},"excerpt":{"rendered":"<p>G\u00e9n\u00e9ral Type de Produit Matelas Gamme PREMIUM Mod\u00e8les OASIS Certifications et normes OEKO-TEX , CertiPUR et ISO14001 Pays d&#8217;origine Pologne Description du produit Le nouveau matelas PREMIUM OASIS fabriqu\u00e9 sp\u00e9cialement pour vous et vos besoins. Deux Faces avec la mousse m\u00e9moire de forme qui s&#8217;adapte \u00e0 la forme de votre corps et mousse HR qui [&hellip;]<\/p>\n","protected":false},"featured_media":176,"template":"","meta":{"spay_email":""},"product_cat":[86],"product_tag":[31],"_links":{"self":[{"href":"https:\/\/goodsweek.com\/index.php\/wp-json\/wp\/v2\/product\/175"}],"collection":[{"href":"https:\/\/goodsweek.com\/index.php\/wp-json\/wp\/v2\/product"}],"about":[{"href":"https:\/\/goodsweek.com\/index.php\/wp-json\/wp\/v2\/types\/product"}],"wp:featuredmedia":[{"embeddable":true,"href":"https:\/\/goodsweek.com\/index.php\/wp-json\/wp\/v2\/media\/176"}],"wp:attachment":[{"href":"https:\/\/goodsweek.com\/index.php\/wp-json\/wp\/v2\/media?parent=175"}],"wp:term":[{"taxonomy":"product_cat","embeddable":true,"href":"https:\/\/goodsweek.com\/index.php\/wp-json\/wp\/v2\/product_cat?post=175"},{"taxonomy":"product_tag","embeddable":true,"href":"https:\/\/goodsweek.com\/index.php\/wp-json\/wp\/v2\/product_tag?post=175"}],"curies":[{"name":"wp","href":"https:\/\/api.w.org\/{rel}","templated":true}]}}