{"id":163,"date":"2020-04-28T22:53:03","date_gmt":"2020-04-28T20:53:03","guid":{"rendered":"https:\/\/goodsweek.com\/?post_type=product&#038;p=163"},"modified":"2020-11-29T09:56:16","modified_gmt":"2020-11-29T08:56:16","slug":"apple-iphone-11-pro-max-64go-midnight-green","status":"publish","type":"product","link":"https:\/\/goodsweek.com\/index.php\/produit\/apple-iphone-11-pro-max-64go-midnight-green\/","title":{"rendered":"Apple iPhone 11 Pro Max &#8211; 64Go &#8211; Midnight Green"},"content":{"rendered":"<table class=\"font-2\">\n<tbody>\n<tr class=\"odd\">\n<th scope=\"row\">Syst\u00e8me d&#8217;exploitation<\/th>\n<td class=\"font-2-b\">iOS 13<\/td>\n<\/tr>\n<tr class=\"\">\n<th scope=\"row\">Compatibilit\u00e9 op\u00e9rateurs<\/th>\n<td class=\"font-2-b\">Tous op\u00e9rateurs<\/td>\n<\/tr>\n<tr class=\"odd\">\n<th scope=\"row\">Fr\u00e9quence<\/th>\n<td class=\"font-2-b\">Quadri-bandes<\/td>\n<\/tr>\n<tr class=\"\">\n<th scope=\"row\">Ecran<\/th>\n<td class=\"font-2-b\">\u00c9cran Super\u00a0Retina\u00a0XDR OLED 6,5&#8243; 2688 x 1242<\/td>\n<\/tr>\n<tr class=\"odd\">\n<th scope=\"row\">Messagerie<\/th>\n<td class=\"font-2-b\">SMS, MMS, Email, Push Email, iMessage<\/td>\n<\/tr>\n<tr class=\"\">\n<th scope=\"row\">Fonction Bluetooth<\/th>\n<td class=\"font-2-b\">bluetooth 5.0<\/td>\n<\/tr>\n<tr class=\"odd\">\n<th scope=\"row\">WiFi<\/th>\n<td class=\"font-2-b\">Wifi 6 (802.11 ax)<\/td>\n<\/tr>\n<tr class=\"\">\n<th scope=\"row\">Technologie NFC<\/th>\n<td class=\"font-2-b\">Oui<\/td>\n<\/tr>\n<tr class=\"odd\">\n<th scope=\"row\">Appareil photo<\/th>\n<td class=\"font-2-b\">Triple appareil photo ultra grand-angle, grand-angle et t\u00e9l\u00e9objectif 12 Mpx<\/td>\n<\/tr>\n<tr class=\"\">\n<th scope=\"row\">Vid\u00e9os<\/th>\n<td class=\"font-2-b\">Enregistrement vid\u00e9o 4K \u00e0 24, 30 ou 60 i\/s<\/td>\n<\/tr>\n<tr class=\"odd\">\n<th scope=\"row\">Formats vid\u00e9o<\/th>\n<td class=\"font-2-b\">HEVC, H.264, MPEG-4 Part 2 et Motion JPEG<\/td>\n<\/tr>\n<tr class=\"\">\n<th scope=\"row\">Sortie TV<\/th>\n<td class=\"font-2-b\">Non<\/td>\n<\/tr>\n<tr class=\"odd\">\n<th scope=\"row\">Lecteur audio<\/th>\n<td class=\"font-2-b\">AAC-LC, HE-AAC, HE-AAC v2, AAC prot\u00e9g\u00e9, MP3, PCM lin\u00e9aire, Apple Lossless, FLAC, Dolby Digital (AC\u20113), Dolby Digital Plus (E-AC\u20113) et Audible (formats 2, 3, 4, Audible Enhanced Audio, AAX et AAX+)<\/td>\n<\/tr>\n<tr class=\"\">\n<th scope=\"row\">Prise Jack<\/th>\n<td class=\"font-2-b\">Non<\/td>\n<\/tr>\n<tr class=\"odd\">\n<th scope=\"row\">M\u00e9moire extensible<\/th>\n<td class=\"font-2-b\">Non<\/td>\n<\/tr>\n<tr class=\"\">\n<th scope=\"row\">Acc\u00e8s \u00e0 internet<\/th>\n<td class=\"font-2-b\">Oui<br \/>\nSous r\u00e9serve de couverture, compatibilit\u00e9 et configuration op\u00e9rateur<\/td>\n<\/tr>\n<tr class=\"odd\">\n<th scope=\"row\">Compatibilit\u00e9 TV<\/th>\n<td class=\"font-2-b\">Oui<br \/>\nSous r\u00e9serve de couverture, compatibilit\u00e9 et configuration op\u00e9rateur<\/td>\n<\/tr>\n<tr class=\"\">\n<th scope=\"row\">Compatibilit\u00e9 r\u00e9seaux sociaux<\/th>\n<td class=\"font-2-b\">Oui, acc\u00e8s \u00e0 Facebook, Messenger, YouTube&#8230;<br \/>\nSous r\u00e9serve de couverture, compatibilit\u00e9 et configuration op\u00e9rateur<\/td>\n<\/tr>\n<tr class=\"odd\">\n<th scope=\"row\">Type de batterie<\/th>\n<td class=\"font-2-b\">Batterie lithium-ion rechargeable int\u00e9gr\u00e9e<\/td>\n<\/tr>\n<tr class=\"\">\n<th scope=\"row\">Indice DAS T\u00eate<\/th>\n<td class=\"font-2-b\">0,95 W\/Kg<\/td>\n<\/tr>\n<tr class=\"odd\">\n<th scope=\"row\">Indice DAS Tronc<\/th>\n<td class=\"font-2-b\">0,99 W\/Kg<\/td>\n<\/tr>\n<tr class=\"\">\n<th scope=\"row\">Type de carte SIM<\/th>\n<td class=\"font-2-b\">Double SIM (nano\u2011SIM et eSIM)<\/td>\n<\/tr>\n<tr class=\"odd\">\n<th scope=\"row\">Poids<\/th>\n<td class=\"font-2-b\">194<\/td>\n<\/tr>\n<tr class=\"\">\n<th scope=\"row\">Dimensions<\/th>\n<td class=\"font-2-b\">158 x 77,8 x 8,1 mm<\/td>\n<\/tr>\n<tr class=\"odd\">\n<th scope=\"row\">Mod\u00e8le<\/th>\n<td class=\"font-2-b\">iPhone 11 Pro Max<\/td>\n<\/tr>\n<tr class=\"\">\n<th scope=\"row\">Mobile 4G<\/th>\n<td class=\"font-2-b\">Oui<\/td>\n<\/tr>\n<tr class=\"odd\">\n<th scope=\"row\">Mobile 4G+<\/th>\n<td class=\"font-2-b\">Oui<\/td>\n<\/tr>\n<tr class=\"\">\n<th scope=\"row\">Taille d&#8217;\u00e9cran (pouces)<\/th>\n<td class=\"font-2-b\">6,5 &#8220;<\/td>\n<\/tr>\n<tr class=\"odd\">\n<th scope=\"row\">Disponibilit\u00e9 des pi\u00e8ces d\u00e9tach\u00e9es<\/th>\n<td class=\"font-2-b\">5 ans<\/td>\n<\/tr>\n<\/tbody>\n<\/table>\n","protected":false},"excerpt":{"rendered":"<p>Syst\u00e8me d&#8217;exploitation iOS 13 Compatibilit\u00e9 op\u00e9rateurs Tous op\u00e9rateurs Fr\u00e9quence Quadri-bandes Ecran \u00c9cran Super\u00a0Retina\u00a0XDR OLED 6,5&#8243; 2688 x 1242 Messagerie SMS, MMS, Email, Push Email, iMessage Fonction Bluetooth bluetooth 5.0 WiFi Wifi 6 (802.11 ax) Technologie NFC Oui Appareil photo Triple appareil photo ultra grand-angle, grand-angle et t\u00e9l\u00e9objectif 12 Mpx Vid\u00e9os Enregistrement vid\u00e9o 4K \u00e0 24, [&hellip;]<\/p>\n","protected":false},"featured_media":164,"template":"","meta":{"spay_email":""},"product_cat":[91],"product_tag":[35,30],"_links":{"self":[{"href":"https:\/\/goodsweek.com\/index.php\/wp-json\/wp\/v2\/product\/163"}],"collection":[{"href":"https:\/\/goodsweek.com\/index.php\/wp-json\/wp\/v2\/product"}],"about":[{"href":"https:\/\/goodsweek.com\/index.php\/wp-json\/wp\/v2\/types\/product"}],"wp:featuredmedia":[{"embeddable":true,"href":"https:\/\/goodsweek.com\/index.php\/wp-json\/wp\/v2\/media\/164"}],"wp:attachment":[{"href":"https:\/\/goodsweek.com\/index.php\/wp-json\/wp\/v2\/media?parent=163"}],"wp:term":[{"taxonomy":"product_cat","embeddable":true,"href":"https:\/\/goodsweek.com\/index.php\/wp-json\/wp\/v2\/product_cat?post=163"},{"taxonomy":"product_tag","embeddable":true,"href":"https:\/\/goodsweek.com\/index.php\/wp-json\/wp\/v2\/product_tag?post=163"}],"curies":[{"name":"wp","href":"https:\/\/api.w.org\/{rel}","templated":true}]}}