{"id":144,"date":"2020-04-22T21:12:32","date_gmt":"2020-04-22T19:12:32","guid":{"rendered":"https:\/\/goodsweek.com\/?post_type=product&#038;p=144"},"modified":"2020-06-07T02:47:04","modified_gmt":"2020-06-07T00:47:04","slug":"lave-vaisselle-tout-integrable-bosch-smv46ax00e-12-couverts","status":"publish","type":"product","link":"https:\/\/goodsweek.com\/index.php\/produit\/lave-vaisselle-tout-integrable-bosch-smv46ax00e-12-couverts\/","title":{"rendered":"Lave-vaisselle tout int\u00e9grable BOSCH SMV46AX00E &#8211; 12 couverts"},"content":{"rendered":"<ul class=\"fa-liste-points-forts\">\n<li class=\"lpf-point-fort\">Classe \u00e9nerg\u00e9tique A+<\/li>\n<li class=\"lpf-point-fort\">Moteur EcoSilence Drive<\/li>\n<li class=\"lpf-point-fort\">12 couverts<\/li>\n<li class=\"lpf-point-fort\">Niveau sonore 48 dB<\/li>\n<li class=\"lpf-point-fort\">5 programmes<\/li>\n<li class=\"lpf-point-fort\">D\u00e9part diff\u00e9r\u00e9 et affichage du temps restant<\/li>\n<li class=\"lpf-point-fort\">S\u00e9curit\u00e9 AquaStop<\/li>\n<li class=\"lpf-point-fort\">InfoLight t\u00e9moin lumineux de fonctionnement au sol<\/li>\n<\/ul>\n","protected":false},"excerpt":{"rendered":"<p>tout int\u00e9grable &#8211; 12 couverts &#8211; A+<\/p>\n","protected":false},"featured_media":145,"template":"","meta":{"spay_email":""},"product_cat":[89],"product_tag":[],"_links":{"self":[{"href":"https:\/\/goodsweek.com\/index.php\/wp-json\/wp\/v2\/product\/144"}],"collection":[{"href":"https:\/\/goodsweek.com\/index.php\/wp-json\/wp\/v2\/product"}],"about":[{"href":"https:\/\/goodsweek.com\/index.php\/wp-json\/wp\/v2\/types\/product"}],"wp:featuredmedia":[{"embeddable":true,"href":"https:\/\/goodsweek.com\/index.php\/wp-json\/wp\/v2\/media\/145"}],"wp:attachment":[{"href":"https:\/\/goodsweek.com\/index.php\/wp-json\/wp\/v2\/media?parent=144"}],"wp:term":[{"taxonomy":"product_cat","embeddable":true,"href":"https:\/\/goodsweek.com\/index.php\/wp-json\/wp\/v2\/product_cat?post=144"},{"taxonomy":"product_tag","embeddable":true,"href":"https:\/\/goodsweek.com\/index.php\/wp-json\/wp\/v2\/product_tag?post=144"}],"curies":[{"name":"wp","href":"https:\/\/api.w.org\/{rel}","templated":true}]}}