{"id":139,"date":"2020-04-22T20:51:36","date_gmt":"2020-04-22T18:51:36","guid":{"rendered":"https:\/\/goodsweek.com\/?post_type=product&#038;p=139"},"modified":"2020-06-07T02:47:16","modified_gmt":"2020-06-07T00:47:16","slug":"smart-tv-tcl-65dp600","status":"publish","type":"product","link":"https:\/\/goodsweek.com\/index.php\/produit\/smart-tv-tcl-65dp600\/","title":{"rendered":"Smart TV TCL 65DP600 4K UHD Ultra Slim &#8211; 65 pouces"},"content":{"rendered":"<p><strong>IMAGE<\/strong><br \/>\nTaille d\u2019\u00e9cran: diagonale (pouce\/cm) 65 \/ 165.1<br \/>\nTaille d\u2019\u00e9cran visible : diagonale(pouce\/ ) 65 \/ 164<br \/>\nR\u00e9solution \u00e9cran UHD<br \/>\nLuminosit\u00e9 (cd\/m\u00b2) 320<br \/>\nHDR (High Dynamic Range) HDR<br \/>\nHDR luminosit\u00e9 &#8211;<br \/>\nPicture Performance Index* 1200<br \/>\nR\u00e9solution 3840&#215;2160<br \/>\n10 bits panel Oui<br \/>\nContraste dynamique Mega<br \/>\nTechnologie d\u2019am\u00e9lioration d\u2019image Pure Image Ultra HD<br \/>\nDimming Oui<br \/>\nFonctionnalit\u00e9 d\u2019upscaling Oui<br \/>\nGestion des couleurs UHD Color Extender<br \/>\nR\u00e9duction du bruit Oui<br \/>\nMode film Oui<\/p>\n<p><strong>SON<\/strong><br \/>\nPuissance son 2&#215;8 W<br \/>\nPuissance musicale 2&#215;16 W<br \/>\nDolby Dolby Digital Plus<br \/>\nSound Processing Dolby Audio processing<br \/>\nEqualiser Oui<br \/>\nType haut parleur Down Firing<br \/>\nHaut parleur Full range<br \/>\nContr\u00f4le du son auto Oui<\/p>\n<p><strong>CONTENU SMART TV<\/strong><br \/>\nProcesseur Dual Core<br \/>\nSmartTV 3.0 (33 languages)<br \/>\n4K Netflix, YouTube<br \/>\nApplications Oui<br \/>\nR\u00e9seaux sociaux Oui<br \/>\nNavigateur internet Oui<br \/>\nHbbTV 1,5 (2.0 mise \u00e0 jour)<\/p>\n<p><strong>FONCTIONS UTILISATEUR<\/strong><br \/>\nSmartphone \/ Tablette support Oui<br \/>\nLecteur Multimedia USB* Oui<br \/>\nSous titrage Oui<br \/>\nMode jeu Oui<br \/>\nMode sport Oui<br \/>\nMise en veille programmable Oui<br \/>\nMenu : langues 30<br \/>\nHDMI CEC (T-link) Full<br \/>\nCommutateur rapide HDMI Oui<\/p>\n<p><strong>CONVERGENCE<\/strong><br \/>\nDLNA 1.5 Oui<br \/>\nWifi display T-cast<br \/>\nUSB HID support Oui<\/p>\n<p><strong>TELECOMMANDE<\/strong><br \/>\nPiles incluses Oui<br \/>\nR\u00e9f\u00e9rence t\u00e9l\u00e9commande RC802N2<\/p>\n<p><strong>RECEPTION<\/strong><br \/>\nDTV Tuner DVB-T2\/C\/S2<br \/>\nTuner analogique H.265 UHD, H.264, MPEG-2<br \/>\nTuner analogique Oui<br \/>\nSyst\u00e9mes de tuner analogique PAL\/SECAM\/NTSC (AV) BG\/DK\/I\/LL\u2019<br \/>\nCI+ Oui (1.3)<br \/>\nEPG (DVB EIT\/SI) Jusqu\u2019\u00e0 8 jours<br \/>\nRecherche automatique des cha\u00eenes Oui<br \/>\nT\u00e9l\u00e9texte Oui<\/p>\n<p><strong>CONNECTIQUE<\/strong><br \/>\nHDMI 3 x 2.0b<br \/>\nHDCP 2.2 Toutes les HDMI<br \/>\nUSB 2 x 2.0<br \/>\nYPbPr CVBS<br \/>\nEntr\u00e9e DVI vid\u00e9o via HDMI3<br \/>\nRJ-45 Oui<br \/>\nWifi Int\u00e9gr\u00e9<br \/>\nSortie audio digitale Optique<br \/>\nPrise casque Oui<br \/>\nEntr\u00e9e antenne (terrestre \/c\u00e2ble) 1<br \/>\nEntr\u00e9e antenne (satellite) 1<br \/>\nSat DISEqC Yes v.1.0 \/ No<br \/>\nPort CI 1<br \/>\nArc HDMI via HDMI3<br \/>\nHDMI R\u00e9solution max 2160P\/60Hz 12bit<br \/>\nC\u00e2ble alimentation Detachable, 1.5 m<\/p>\n<p><strong>DESIGN<\/strong><br \/>\nCouleur Noir<br \/>\nVESA 300 x 300 mm<br \/>\nType de pied Fixe<\/p>\n<p><strong>CONSOMMATION ELECTRIQUE<\/strong><br \/>\nLabel energie* A+<br \/>\nMise en veille automatique Oui<br \/>\nAlimentation \u00e9lectrique 220-240V~50Hz<br \/>\nConsommation (mode en veille) * 0,29 W<br \/>\nConsommation (mode reseau en veille) * &#8211; W<br \/>\nConsommation en marche(mode IEC62087 Ed.2*) 120 W<br \/>\nConsommation annuelle* 128 kWh<br \/>\nLuminance maximale 65%<br \/>\nConsommation maximum* 170 W<br \/>\nTeneur en mercure 0,0 mg<br \/>\nPr\u00e9sence de plomb Oui<\/p>\n<p><strong>LOGISTIQUE<\/strong><br \/>\nDimensions du produit 1465 \/ 906 \/ 244 mm<br \/>\nDimensions du produit sans le pied 1465 \/ 842 \/ 12-36-65-75 mm<br \/>\nDimensions emballage 1645 \/ 1000 \/ 190 mm<br \/>\nPoids produit\/ emballage 20,80 \/ 26,20 kg<br \/>\nPoids sans pied 20,50 kg<\/p>\n","protected":false},"excerpt":{"rendered":"<p>TV 4K Ultra HD Ultra Slim &#8211; 65 pouces<\/p>\n","protected":false},"featured_media":140,"template":"","meta":{"spay_email":""},"product_cat":[92],"product_tag":[],"_links":{"self":[{"href":"https:\/\/goodsweek.com\/index.php\/wp-json\/wp\/v2\/product\/139"}],"collection":[{"href":"https:\/\/goodsweek.com\/index.php\/wp-json\/wp\/v2\/product"}],"about":[{"href":"https:\/\/goodsweek.com\/index.php\/wp-json\/wp\/v2\/types\/product"}],"wp:featuredmedia":[{"embeddable":true,"href":"https:\/\/goodsweek.com\/index.php\/wp-json\/wp\/v2\/media\/140"}],"wp:attachment":[{"href":"https:\/\/goodsweek.com\/index.php\/wp-json\/wp\/v2\/media?parent=139"}],"wp:term":[{"taxonomy":"product_cat","embeddable":true,"href":"https:\/\/goodsweek.com\/index.php\/wp-json\/wp\/v2\/product_cat?post=139"},{"taxonomy":"product_tag","embeddable":true,"href":"https:\/\/goodsweek.com\/index.php\/wp-json\/wp\/v2\/product_tag?post=139"}],"curies":[{"name":"wp","href":"https:\/\/api.w.org\/{rel}","templated":true}]}}