{"id":288,"date":"2020-06-03T21:43:38","date_gmt":"2020-06-03T19:43:38","guid":{"rendered":"https:\/\/goodsweek.com\/?page_id=288"},"modified":"2020-06-03T21:43:38","modified_gmt":"2020-06-03T19:43:38","slug":"cgu","status":"publish","type":"page","link":"https:\/\/goodsweek.com\/index.php\/cgu\/","title":{"rendered":"Conditions g\u00e9n\u00e9rales d&#8217;utilisation (CGU)"},"content":{"rendered":"\n<p>L\u2019utilisation du site www.goodsweek.com implique l\u2019acceptation pleine et enti\u00e8re des conditions g\u00e9n\u00e9rales d\u2019utilisation d\u00e9crites ci-apr\u00e8s. Ces conditions d\u2019utilisation sont susceptibles d\u2019\u00eatre corrig\u00e9es ou compl\u00e9t\u00e9es \u00e0 tout moment, sans pr\u00e9avis. Les utilisateurs sont invit\u00e9s \u00e0 les consulter r\u00e9guli\u00e8rement.<\/p>\n\n\n\n<ul type=\"a\"><li><strong>Acc\u00e8s et utilisation<\/strong><\/li><\/ul>\n\n\n\n<p>Le site www.goodsweek.com est accessible 24h\/24, 7j\/7, sauf interruption ponctuelle pour maintenance ou cas ind\u00e9pendant de notre volont\u00e9. www.goodsweek.com s&#8217;engage \u00e0 faire le n\u00e9cessaire pour r\u00e9duire l&#8217;impact de ses interventions et s&#8217;efforcera de communiquer pr\u00e9alablement les dates et horaires des interventions.<\/p>\n\n\n\n<p>Ayant une obligation de moyen, www.goodsweek.com ne peut \u00eatre tenu responsable d&#8217;un dysfonctionnement qui emp\u00eacherait l&#8217;acc\u00e8s au site et aux diff\u00e9rents services propos\u00e9s.<\/p>\n\n\n\n<ul><li><strong>Compte utilisateur<\/strong><\/li><\/ul>\n\n\n\n<p>Pour acc\u00e9der \u00e0 son compte, l&#8217;utilisateur devra se connecter en utilisant son identifiant et son mot de passe. Le mot de passe ne doit pas \u00eatre communiqu\u00e9 \u00e0 un tiers.<br><br>Le compte utilisateur permet \u00e0 l&#8217;utilisateur d&#8217;acc\u00e9der aux services suivants :<br>&#8211; Passer une commande<br>&#8211; G\u00e9rer les moyens de paiement<br>&#8211; Administrer ses informations personnelles<\/p>\n\n\n\n<ul><li><strong>Utilisation de la fonction des avis<\/strong><\/li><\/ul>\n\n\n\n<p>Tous les utilisateurs souhaitant laisser un message\/avis doivent \u00eatre inscrits et connect\u00e9s avec leur identifiant et mot de passe.<\/p>\n\n\n\n<p>L&#8217;administrateur se r\u00e9serve le droit d&#8217;imposer un changement d&#8217;identifiant \u00e0 un utilisateur en cas de pseudonyme tendancieux, trompeur ou contraire aux r\u00e8gles du forum et des r\u00e8gles de conduite et de&nbsp;politesse (Voir <strong><a rel=\"noreferrer noopener\" href=\"https:\/\/fr.wikipedia.org\/wiki\/N%C3%A9tiquette\" target=\"_blank\">n\u00e9tiquette<\/a><\/strong>) ou qui irait \u00e0 l&#8217;encontre des int\u00e9r\u00eats de la communaut\u00e9.<\/p>\n\n\n\n<p>Les messages contraires aux bons usages (racisme, pornographie, atteinte \u00e0 la vie priv\u00e9e, injures etc.) seront supprim\u00e9s.<\/p>\n\n\n\n<p>Les messages jug\u00e9s sensibles (politique, religion etc.) pourront \u00eatre supprim\u00e9s afin d&#8217;\u00e9viter d&#8217;\u00e9ventuels conflits.<\/p>\n\n\n\n<p>La plateforme de discussions ne doit pas servir de d\u00e9p\u00f4t d&#8217;annonces.<\/p>\n\n\n\n<p>L&#8217;administrateur et les mod\u00e9rateurs, exer\u00e7ant une mod\u00e9ration \u00e0 posteriori du forum, ne sont pas responsables du contenu des messages post\u00e9s par les utilisateurs.<\/p>\n","protected":false},"excerpt":{"rendered":"<p>L\u2019utilisation du site www.goodsweek.com implique l\u2019acceptation pleine et enti\u00e8re des conditions g\u00e9n\u00e9rales d\u2019utilisation d\u00e9crites ci-apr\u00e8s. Ces conditions d\u2019utilisation sont susceptibles d\u2019\u00eatre corrig\u00e9es ou compl\u00e9t\u00e9es \u00e0 tout moment, sans pr\u00e9avis. Les utilisateurs sont invit\u00e9s \u00e0 les consulter r\u00e9guli\u00e8rement. Acc\u00e8s et utilisation Le site www.goodsweek.com est accessible 24h\/24, 7j\/7, sauf interruption ponctuelle pour maintenance ou cas ind\u00e9pendant [&hellip;]<\/p>\n","protected":false},"author":1,"featured_media":0,"parent":0,"menu_order":0,"comment_status":"closed","ping_status":"closed","template":"","meta":{"spay_email":""},"_links":{"self":[{"href":"https:\/\/goodsweek.com\/index.php\/wp-json\/wp\/v2\/pages\/288"}],"collection":[{"href":"https:\/\/goodsweek.com\/index.php\/wp-json\/wp\/v2\/pages"}],"about":[{"href":"https:\/\/goodsweek.com\/index.php\/wp-json\/wp\/v2\/types\/page"}],"author":[{"embeddable":true,"href":"https:\/\/goodsweek.com\/index.php\/wp-json\/wp\/v2\/users\/1"}],"replies":[{"embeddable":true,"href":"https:\/\/goodsweek.com\/index.php\/wp-json\/wp\/v2\/comments?post=288"}],"version-history":[{"count":3,"href":"https:\/\/goodsweek.com\/index.php\/wp-json\/wp\/v2\/pages\/288\/revisions"}],"predecessor-version":[{"id":291,"href":"https:\/\/goodsweek.com\/index.php\/wp-json\/wp\/v2\/pages\/288\/revisions\/291"}],"wp:attachment":[{"href":"https:\/\/goodsweek.com\/index.php\/wp-json\/wp\/v2\/media?parent=288"}],"curies":[{"name":"wp","href":"https:\/\/api.w.org\/{rel}","templated":true}]}}