{"id":283,"date":"2020-06-03T21:39:35","date_gmt":"2020-06-03T19:39:35","guid":{"rendered":"https:\/\/goodsweek.com\/?page_id=283"},"modified":"2020-06-03T21:39:35","modified_gmt":"2020-06-03T19:39:35","slug":"mentions-legales","status":"publish","type":"page","link":"https:\/\/goodsweek.com\/index.php\/mentions-legales\/","title":{"rendered":"Mentions l\u00e9gales"},"content":{"rendered":"\n<p>Nous portons \u00e0 la connaissance des utilisateurs et visiteurs du site de vente en ligne www.goodsweek.com, \u00e9dit\u00e9 par Goods Week, les informations suivantes :<\/p>\n\n\n\n<p><strong>GOODS WEEK<\/strong><br>Matthieu Camara<br>Adresse : 67T Rue Carnot, 95360 Montmagny<br>Num\u00e9ro SIRET : 80905327500024<\/p>\n\n\n\n<p>Nous contacter<br>Nous sommes \u00e0 votre disposition par t\u00e9l\u00e9phone du lundi au vendredi de 09h00 \u00e0 13h00 et de 14h00 \u00e0 17h00 : 07.83.30.27.27<br>E-Mail: adv@goodsweek.com<\/p>\n\n\n\n<p>Responsable de publication : Matthieu Camara<\/p>\n\n\n\n<p>H\u00e9bergeur du site : OVH SAS &#8211; 2 rue Kellermann &#8211; BP 80157 &#8211; 59100 Roubaix<br>T\u00e9l\u00e9phone : 08.20.69.87.65<\/p>\n","protected":false},"excerpt":{"rendered":"<p>Nous portons \u00e0 la connaissance des utilisateurs et visiteurs du site de vente en ligne www.goodsweek.com, \u00e9dit\u00e9 par Goods Week, les informations suivantes : GOODS WEEKMatthieu CamaraAdresse : 67T Rue Carnot, 95360 MontmagnyNum\u00e9ro SIRET : 80905327500024 Nous contacterNous sommes \u00e0 votre disposition par t\u00e9l\u00e9phone du lundi au vendredi de 09h00 \u00e0 13h00 et de 14h00 [&hellip;]<\/p>\n","protected":false},"author":1,"featured_media":0,"parent":0,"menu_order":0,"comment_status":"closed","ping_status":"closed","template":"","meta":{"spay_email":""},"_links":{"self":[{"href":"https:\/\/goodsweek.com\/index.php\/wp-json\/wp\/v2\/pages\/283"}],"collection":[{"href":"https:\/\/goodsweek.com\/index.php\/wp-json\/wp\/v2\/pages"}],"about":[{"href":"https:\/\/goodsweek.com\/index.php\/wp-json\/wp\/v2\/types\/page"}],"author":[{"embeddable":true,"href":"https:\/\/goodsweek.com\/index.php\/wp-json\/wp\/v2\/users\/1"}],"replies":[{"embeddable":true,"href":"https:\/\/goodsweek.com\/index.php\/wp-json\/wp\/v2\/comments?post=283"}],"version-history":[{"count":3,"href":"https:\/\/goodsweek.com\/index.php\/wp-json\/wp\/v2\/pages\/283\/revisions"}],"predecessor-version":[{"id":287,"href":"https:\/\/goodsweek.com\/index.php\/wp-json\/wp\/v2\/pages\/283\/revisions\/287"}],"wp:attachment":[{"href":"https:\/\/goodsweek.com\/index.php\/wp-json\/wp\/v2\/media?parent=283"}],"curies":[{"name":"wp","href":"https:\/\/api.w.org\/{rel}","templated":true}]}}